{"id":293,"date":"2025-09-21T18:29:29","date_gmt":"2025-09-21T16:29:29","guid":{"rendered":"https:\/\/ezathouse.sk\/?page_id=293"},"modified":"2025-11-18T20:56:19","modified_gmt":"2025-11-18T19:56:19","slug":"sauna","status":"publish","type":"page","link":"https:\/\/ezathouse.sk\/en\/sauna\/","title":{"rendered":"Sauna"},"content":{"rendered":"<div data-elementor-type=\"wp-page\" data-elementor-id=\"293\" class=\"elementor elementor-293\" data-elementor-post-type=\"page\">\n\t\t\t\t<div class=\"elementor-element elementor-element-b5f0d18 e-flex e-con-boxed e-con e-parent\" data-id=\"b5f0d18\" data-element_type=\"container\" data-settings=\"{&quot;background_background&quot;:&quot;classic&quot;}\">\n\t\t\t\t\t<div class=\"e-con-inner\">\n\t\t<div class=\"elementor-element elementor-element-755bc0e8 e-con-full e-flex e-con e-child\" data-id=\"755bc0e8\" data-element_type=\"container\">\n\t\t\t\t<div class=\"elementor-element elementor-element-40c44ae0 elementor-widget elementor-widget-heading\" data-id=\"40c44ae0\" data-element_type=\"widget\" data-widget_type=\"heading.default\">\n\t\t\t\t<div class=\"elementor-widget-container\">\n\t\t\t\t\t<h1 class=\"elementor-heading-title elementor-size-default\">Sauna<\/h1>\t\t\t\t<\/div>\n\t\t\t\t<\/div>\n\t\t\t\t<\/div>\n\t\t\t\t\t<\/div>\n\t\t\t\t<\/div>\n\t\t<div class=\"elementor-element elementor-element-13a9e22f e-flex e-con-boxed e-con e-parent\" data-id=\"13a9e22f\" data-element_type=\"container\">\n\t\t\t\t\t<div class=\"e-con-inner\">\n\t\t\t\t<div class=\"elementor-element elementor-element-6469e9f elementor-widget elementor-widget-text-editor\" data-id=\"6469e9f\" data-element_type=\"widget\" data-widget_type=\"text-editor.default\">\n\t\t\t\t<div class=\"elementor-widget-container\">\n\t\t\t\t\t\t\t\t\t<p><span style=\"color: #333333;\">Saunovanie a pobyt vo wellness je aktivita, pre ktor\u00fa sa rozhodneme v pr\u00edpade, \u017ee t\u00fa\u017eime po pr\u00edjemnom uvo\u013enen\u00ed a\u00a0relaxe, alebo len mo\u017eno chceme str\u00e1vi\u0165 prijemn\u00fd oddychov\u00fd \u010das s niek\u00fdm bl\u00edzkym. Rovnako ako \u0161portov\u00e9 aktivity aj saunovanie prin\u00e1\u0161a fyzick\u00fa a psychick\u00fa \u00fa\u013eavu, spa\u013euje kal\u00f3rie a\u00a0do krvn\u00e9ho obehu sa n\u00e1m vyplavuj\u00fa endorf\u00edny, horm\u00f3ny \u0161\u0165astia. A tak\u00a0ako \u0161port, aj saunovanie m\u00e1 svoje pravidl\u00e1.<\/span><\/p><p><span style=\"color: #333333;\">Na\u0161a f\u00ednska sauna sa d\u00e1 nastavi\u0165 od 40<\/span>\u00b0C do 100 \u00a0\u00a0\u00b0C. Jeden saunovac\u00ed proces by nemal presiahnu\u0165 d\u013a\u017eku 15 min\u00fat. Potom ako vyjdete zo sauny, nasleduje: <strong>sprcha pre zmytie potu a\u00a0n\u00e1sledn\u00e9 sprchovanie studenou vodu s kupelni nad schodi\u0161\u0165om.<\/strong><\/p><p>V\u00a0saunovan\u00ed vo f\u00ednskej saune m\u00f4\u017eete pokra\u010dova\u0165 po dokonalom ochladen\u00ed, doplnen\u00ed tekut\u00edn a\u00a0zopakova\u0165 saunovac\u00ed proces 3 \u2013 4 kr\u00e1t.<\/p><p>Po\u010det opakovan\u00ed je v\u017edy dobr\u00e9 prisp\u00f4sobi\u0165 aktu\u00e1lnemu pocitu \u00fanavy a vy\u010derpania. Menej je niekedy viac. Na z\u00e1ver pobytu v\u00a0saune sa odpor\u00fa\u010da 30 min\u00fatov\u00fd pobyt v\u00a0izbe \u010d.4 alebo Humne. Plachty a osu\u0161ky su v cene.<\/p><p>F\u00ednska sauna obohaten\u00e1 o\u00a0blahod\u00e1rne\u00a0<a title=\"\" href=\"https:\/\/www.dosauny.sk\/saunove-esencie\">esenci\u00e1lne oleje<\/a>\u00a0prospieva celkovej relax\u00e1cii organizmu, v\u00a0zime pom\u00e1ha zvy\u0161ova\u0165 jeho obranyschopnos\u0165 a\u00a0samozrejme p\u00f4sob\u00ed detoxika\u010dne.<\/p><p>Vstup do sauny je priv\u00e1tny a sl\u00fa\u017ei v\u00fdhradne ubytovan\u00fdm hos\u0165om. Slu\u017eba sauny sa objedn\u00e1va telefonicky minim\u00e1lne de\u0148 vopred.<\/p><p>Cena za saunovanie je 100 EUR pre skupinu do 8 os\u00f4b. V pr\u00edpade men\u0161ieho po\u010dtu do 4 os\u00f4b je cena 60 EUR. Cena je za 3,5 hodinov\u00fd pobyt v saune.<\/p>\t\t\t\t\t\t\t\t<\/div>\n\t\t\t\t<\/div>\n\t\t\t\t\t<\/div>\n\t\t\t\t<\/div>\n\t\t<div class=\"elementor-element elementor-element-bceb0f7 e-flex e-con-boxed e-con e-parent\" data-id=\"bceb0f7\" data-element_type=\"container\">\n\t\t\t\t\t<div class=\"e-con-inner\">\n\t\t\t\t<div class=\"elementor-element elementor-element-ce4adc2 elementor-widget elementor-widget-gallery\" data-id=\"ce4adc2\" data-element_type=\"widget\" data-settings=\"{&quot;columns&quot;:3,&quot;lazyload&quot;:&quot;yes&quot;,&quot;gallery_layout&quot;:&quot;grid&quot;,&quot;columns_tablet&quot;:2,&quot;columns_mobile&quot;:1,&quot;gap&quot;:{&quot;unit&quot;:&quot;px&quot;,&quot;size&quot;:10,&quot;sizes&quot;:[]},&quot;gap_tablet&quot;:{&quot;unit&quot;:&quot;px&quot;,&quot;size&quot;:10,&quot;sizes&quot;:[]},&quot;gap_mobile&quot;:{&quot;unit&quot;:&quot;px&quot;,&quot;size&quot;:10,&quot;sizes&quot;:[]},&quot;link_to&quot;:&quot;file&quot;,&quot;aspect_ratio&quot;:&quot;3:2&quot;,&quot;overlay_background&quot;:&quot;yes&quot;,&quot;content_hover_animation&quot;:&quot;fade-in&quot;}\" data-widget_type=\"gallery.default\">\n\t\t\t\t<div class=\"elementor-widget-container\">\n\t\t\t\t\t\t\t<div class=\"elementor-gallery__container\">\n\t\t\t\t\t\t\t<a class=\"e-gallery-item elementor-gallery-item elementor-animated-content\" href=\"https:\/\/ezathouse.sk\/wp-content\/uploads\/2025\/09\/Sauna-prve-foto.jpg\" data-elementor-open-lightbox=\"yes\" data-elementor-lightbox-slideshow=\"ce4adc2\" data-elementor-lightbox-title=\"Sauna prve foto\" data-e-action-hash=\"#elementor-action%3Aaction%3Dlightbox%26settings%3DeyJpZCI6Mjk3LCJ1cmwiOiJodHRwczpcL1wvZXphdGhvdXNlLnNrXC93cC1jb250ZW50XC91cGxvYWRzXC8yMDI1XC8wOVwvU2F1bmEtcHJ2ZS1mb3RvLmpwZyIsInNsaWRlc2hvdyI6ImNlNGFkYzIifQ%3D%3D\">\n\t\t\t\t\t<div class=\"e-gallery-image elementor-gallery-item__image\" data-thumbnail=\"https:\/\/ezathouse.sk\/wp-content\/uploads\/2025\/09\/Sauna-prve-foto.jpg\" data-width=\"448\" data-height=\"299\" aria-label=\"\" role=\"img\" ><\/div>\n\t\t\t\t\t\t\t\t\t\t\t<div class=\"elementor-gallery-item__overlay\"><\/div>\n\t\t\t\t\t\t\t\t\t\t\t\t\t\t<\/a>\n\t\t\t\t\t\t\t<a class=\"e-gallery-item elementor-gallery-item elementor-animated-content\" href=\"https:\/\/ezathouse.sk\/wp-content\/uploads\/2025\/09\/sauna-2-foto.jpg\" data-elementor-open-lightbox=\"yes\" data-elementor-lightbox-slideshow=\"ce4adc2\" data-elementor-lightbox-title=\"sauna 2 foto\" data-e-action-hash=\"#elementor-action%3Aaction%3Dlightbox%26settings%3DeyJpZCI6Mjk4LCJ1cmwiOiJodHRwczpcL1wvZXphdGhvdXNlLnNrXC93cC1jb250ZW50XC91cGxvYWRzXC8yMDI1XC8wOVwvc2F1bmEtMi1mb3RvLmpwZyIsInNsaWRlc2hvdyI6ImNlNGFkYzIifQ%3D%3D\">\n\t\t\t\t\t<div class=\"e-gallery-image elementor-gallery-item__image\" data-thumbnail=\"https:\/\/ezathouse.sk\/wp-content\/uploads\/2025\/09\/sauna-2-foto-1152x1536.jpg\" data-width=\"1152\" data-height=\"1536\" aria-label=\"\" role=\"img\" ><\/div>\n\t\t\t\t\t\t\t\t\t\t\t<div class=\"elementor-gallery-item__overlay\"><\/div>\n\t\t\t\t\t\t\t\t\t\t\t\t\t\t<\/a>\n\t\t\t\t\t\t\t<a class=\"e-gallery-item elementor-gallery-item elementor-animated-content\" href=\"https:\/\/ezathouse.sk\/wp-content\/uploads\/2025\/09\/sauna-tretie-foto.jpg\" data-elementor-open-lightbox=\"yes\" data-elementor-lightbox-slideshow=\"ce4adc2\" data-elementor-lightbox-title=\"sauna tretie foto\" data-e-action-hash=\"#elementor-action%3Aaction%3Dlightbox%26settings%3DeyJpZCI6Mjk5LCJ1cmwiOiJodHRwczpcL1wvZXphdGhvdXNlLnNrXC93cC1jb250ZW50XC91cGxvYWRzXC8yMDI1XC8wOVwvc2F1bmEtdHJldGllLWZvdG8uanBnIiwic2xpZGVzaG93IjoiY2U0YWRjMiJ9\">\n\t\t\t\t\t<div class=\"e-gallery-image elementor-gallery-item__image\" data-thumbnail=\"https:\/\/ezathouse.sk\/wp-content\/uploads\/2025\/09\/sauna-tretie-foto.jpg\" data-width=\"800\" data-height=\"529\" aria-label=\"\" role=\"img\" ><\/div>\n\t\t\t\t\t\t\t\t\t\t\t<div class=\"elementor-gallery-item__overlay\"><\/div>\n\t\t\t\t\t\t\t\t\t\t\t\t\t\t<\/a>\n\t\t\t\t\t<\/div>\n\t\t\t\t\t<\/div>\n\t\t\t\t<\/div>\n\t\t\t\t\t<\/div>\n\t\t\t\t<\/div>\n\t\t\t\t<\/div>","protected":false},"excerpt":{"rendered":"<p>Sauna Saunovanie a pobyt vo wellness je aktivita, pre ktor\u00fa sa rozhodneme v pr\u00edpade, \u017ee t\u00fa\u017eime po pr\u00edjemnom uvo\u013enen\u00ed a\u00a0relaxe, alebo len mo\u017eno chceme str\u00e1vi\u0165 prijemn\u00fd oddychov\u00fd \u010das s niek\u00fdm bl\u00edzkym. Rovnako ako \u0161portov\u00e9 aktivity aj saunovanie prin\u00e1\u0161a fyzick\u00fa a psychick\u00fa \u00fa\u013eavu, spa\u013euje kal\u00f3rie a\u00a0do krvn\u00e9ho obehu sa n\u00e1m vyplavuj\u00fa endorf\u00edny, horm\u00f3ny \u0161\u0165astia. A tak\u00a0ako [&hellip;]<\/p>","protected":false},"author":1,"featured_media":0,"parent":0,"menu_order":0,"comment_status":"closed","ping_status":"closed","template":"elementor_header_footer","meta":{"footnotes":""},"class_list":["post-293","page","type-page","status-publish","hentry"],"yoast_head":"<!-- This site is optimized with the Yoast SEO plugin v24.4 - https:\/\/yoast.com\/wordpress\/plugins\/seo\/ -->\n<title>Sauna - Ezathouse Devi\u010die<\/title>\n<meta name=\"robots\" content=\"index, follow, max-snippet:-1, max-image-preview:large, max-video-preview:-1\" \/>\n<link rel=\"canonical\" href=\"https:\/\/ezathouse.sk\/en\/sauna\/\" \/>\n<meta property=\"og:locale\" content=\"en_GB\" \/>\n<meta property=\"og:type\" content=\"article\" \/>\n<meta property=\"og:title\" content=\"Sauna - Ezathouse Devi\u010die\" \/>\n<meta property=\"og:description\" content=\"Sauna Saunovanie a pobyt vo wellness je aktivita, pre ktor\u00fa sa rozhodneme v pr\u00edpade, \u017ee t\u00fa\u017eime po pr\u00edjemnom uvo\u013enen\u00ed a\u00a0relaxe, alebo len mo\u017eno chceme str\u00e1vi\u0165 prijemn\u00fd oddychov\u00fd \u010das s niek\u00fdm bl\u00edzkym. Rovnako ako \u0161portov\u00e9 aktivity aj saunovanie prin\u00e1\u0161a fyzick\u00fa a psychick\u00fa \u00fa\u013eavu, spa\u013euje kal\u00f3rie a\u00a0do krvn\u00e9ho obehu sa n\u00e1m vyplavuj\u00fa endorf\u00edny, horm\u00f3ny \u0161\u0165astia. A tak\u00a0ako [&hellip;]\" \/>\n<meta property=\"og:url\" content=\"https:\/\/ezathouse.sk\/en\/sauna\/\" \/>\n<meta property=\"og:site_name\" content=\"Ezathouse Devi\u010die\" \/>\n<meta property=\"article:modified_time\" content=\"2025-11-18T19:56:19+00:00\" \/>\n<meta name=\"twitter:card\" content=\"summary_large_image\" \/>\n<meta name=\"twitter:label1\" content=\"Estimated reading time\" \/>\n\t<meta name=\"twitter:data1\" content=\"2 minutes\" \/>\n<script type=\"application\/ld+json\" class=\"yoast-schema-graph\">{\"@context\":\"https:\/\/schema.org\",\"@graph\":[{\"@type\":\"WebPage\",\"@id\":\"https:\/\/ezathouse.sk\/sauna\/\",\"url\":\"https:\/\/ezathouse.sk\/sauna\/\",\"name\":\"Sauna - Ezathouse Devi\u010die\",\"isPartOf\":{\"@id\":\"https:\/\/ezathouse.sk\/#website\"},\"datePublished\":\"2025-09-21T16:29:29+00:00\",\"dateModified\":\"2025-11-18T19:56:19+00:00\",\"breadcrumb\":{\"@id\":\"https:\/\/ezathouse.sk\/sauna\/#breadcrumb\"},\"inLanguage\":\"en-GB\",\"potentialAction\":[{\"@type\":\"ReadAction\",\"target\":[\"https:\/\/ezathouse.sk\/sauna\/\"]}]},{\"@type\":\"BreadcrumbList\",\"@id\":\"https:\/\/ezathouse.sk\/sauna\/#breadcrumb\",\"itemListElement\":[{\"@type\":\"ListItem\",\"position\":1,\"name\":\"Domovsk\u00e1 str\u00e1nka\",\"item\":\"https:\/\/ezathouse.sk\/\"},{\"@type\":\"ListItem\",\"position\":2,\"name\":\"Sauna\"}]},{\"@type\":\"WebSite\",\"@id\":\"https:\/\/ezathouse.sk\/#website\",\"url\":\"https:\/\/ezathouse.sk\/\",\"name\":\"Ezathouse Devi\u010die\",\"description\":\"\",\"potentialAction\":[{\"@type\":\"SearchAction\",\"target\":{\"@type\":\"EntryPoint\",\"urlTemplate\":\"https:\/\/ezathouse.sk\/?s={search_term_string}\"},\"query-input\":{\"@type\":\"PropertyValueSpecification\",\"valueRequired\":true,\"valueName\":\"search_term_string\"}}],\"inLanguage\":\"en-GB\"}]}<\/script>\n<!-- \/ Yoast SEO plugin. -->","yoast_head_json":{"title":"Sauna - Ezathouse Devi\u010die","robots":{"index":"index","follow":"follow","max-snippet":"max-snippet:-1","max-image-preview":"max-image-preview:large","max-video-preview":"max-video-preview:-1"},"canonical":"https:\/\/ezathouse.sk\/en\/sauna\/","og_locale":"en_GB","og_type":"article","og_title":"Sauna - Ezathouse Devi\u010die","og_description":"Sauna Saunovanie a pobyt vo wellness je aktivita, pre ktor\u00fa sa rozhodneme v pr\u00edpade, \u017ee t\u00fa\u017eime po pr\u00edjemnom uvo\u013enen\u00ed a\u00a0relaxe, alebo len mo\u017eno chceme str\u00e1vi\u0165 prijemn\u00fd oddychov\u00fd \u010das s niek\u00fdm bl\u00edzkym. Rovnako ako \u0161portov\u00e9 aktivity aj saunovanie prin\u00e1\u0161a fyzick\u00fa a psychick\u00fa \u00fa\u013eavu, spa\u013euje kal\u00f3rie a\u00a0do krvn\u00e9ho obehu sa n\u00e1m vyplavuj\u00fa endorf\u00edny, horm\u00f3ny \u0161\u0165astia. A tak\u00a0ako [&hellip;]","og_url":"https:\/\/ezathouse.sk\/en\/sauna\/","og_site_name":"Ezathouse Devi\u010die","article_modified_time":"2025-11-18T19:56:19+00:00","twitter_card":"summary_large_image","twitter_misc":{"Estimated reading time":"2 minutes"},"schema":{"@context":"https:\/\/schema.org","@graph":[{"@type":"WebPage","@id":"https:\/\/ezathouse.sk\/sauna\/","url":"https:\/\/ezathouse.sk\/sauna\/","name":"Sauna - Ezathouse Devi\u010die","isPartOf":{"@id":"https:\/\/ezathouse.sk\/#website"},"datePublished":"2025-09-21T16:29:29+00:00","dateModified":"2025-11-18T19:56:19+00:00","breadcrumb":{"@id":"https:\/\/ezathouse.sk\/sauna\/#breadcrumb"},"inLanguage":"en-GB","potentialAction":[{"@type":"ReadAction","target":["https:\/\/ezathouse.sk\/sauna\/"]}]},{"@type":"BreadcrumbList","@id":"https:\/\/ezathouse.sk\/sauna\/#breadcrumb","itemListElement":[{"@type":"ListItem","position":1,"name":"Domovsk\u00e1 str\u00e1nka","item":"https:\/\/ezathouse.sk\/"},{"@type":"ListItem","position":2,"name":"Sauna"}]},{"@type":"WebSite","@id":"https:\/\/ezathouse.sk\/#website","url":"https:\/\/ezathouse.sk\/","name":"Ezathouse Devi\u010die","description":"","potentialAction":[{"@type":"SearchAction","target":{"@type":"EntryPoint","urlTemplate":"https:\/\/ezathouse.sk\/?s={search_term_string}"},"query-input":{"@type":"PropertyValueSpecification","valueRequired":true,"valueName":"search_term_string"}}],"inLanguage":"en-GB"}]}},"_links":{"self":[{"href":"https:\/\/ezathouse.sk\/en\/wp-json\/wp\/v2\/pages\/293","targetHints":{"allow":["GET"]}}],"collection":[{"href":"https:\/\/ezathouse.sk\/en\/wp-json\/wp\/v2\/pages"}],"about":[{"href":"https:\/\/ezathouse.sk\/en\/wp-json\/wp\/v2\/types\/page"}],"author":[{"embeddable":true,"href":"https:\/\/ezathouse.sk\/en\/wp-json\/wp\/v2\/users\/1"}],"replies":[{"embeddable":true,"href":"https:\/\/ezathouse.sk\/en\/wp-json\/wp\/v2\/comments?post=293"}],"version-history":[{"count":20,"href":"https:\/\/ezathouse.sk\/en\/wp-json\/wp\/v2\/pages\/293\/revisions"}],"predecessor-version":[{"id":833,"href":"https:\/\/ezathouse.sk\/en\/wp-json\/wp\/v2\/pages\/293\/revisions\/833"}],"wp:attachment":[{"href":"https:\/\/ezathouse.sk\/en\/wp-json\/wp\/v2\/media?parent=293"}],"curies":[{"name":"wp","href":"https:\/\/api.w.org\/{rel}","templated":true}]}}