{"id":370,"date":"2025-09-22T21:11:55","date_gmt":"2025-09-22T19:11:55","guid":{"rendered":"https:\/\/ezathouse.sk\/?page_id=370"},"modified":"2025-11-18T20:52:15","modified_gmt":"2025-11-18T19:52:15","slug":"o-nas","status":"publish","type":"page","link":"https:\/\/ezathouse.sk\/en\/o-nas\/","title":{"rendered":"O n\u00e1s"},"content":{"rendered":"<div data-elementor-type=\"wp-page\" data-elementor-id=\"370\" class=\"elementor elementor-370\" data-elementor-post-type=\"page\">\n\t\t\t\t<div class=\"elementor-element elementor-element-b5f0d18 e-flex e-con-boxed e-con e-parent\" data-id=\"b5f0d18\" data-element_type=\"container\" data-settings=\"{&quot;background_background&quot;:&quot;classic&quot;}\">\n\t\t\t\t\t<div class=\"e-con-inner\">\n\t\t<div class=\"elementor-element elementor-element-755bc0e8 e-con-full e-flex e-con e-child\" data-id=\"755bc0e8\" data-element_type=\"container\">\n\t\t\t\t<div class=\"elementor-element elementor-element-40c44ae0 elementor-widget elementor-widget-heading\" data-id=\"40c44ae0\" data-element_type=\"widget\" data-widget_type=\"heading.default\">\n\t\t\t\t<div class=\"elementor-widget-container\">\n\t\t\t\t\t<h1 class=\"elementor-heading-title elementor-size-default\">O n\u00e1s<\/h1>\t\t\t\t<\/div>\n\t\t\t\t<\/div>\n\t\t\t\t<\/div>\n\t\t\t\t\t<\/div>\n\t\t\t\t<\/div>\n\t\t<div class=\"elementor-element elementor-element-13a9e22f e-flex e-con-boxed e-con e-parent\" data-id=\"13a9e22f\" data-element_type=\"container\">\n\t\t\t\t\t<div class=\"e-con-inner\">\n\t\t\t\t<div class=\"elementor-element elementor-element-5ed5514 elementor-widget elementor-widget-text-editor\" data-id=\"5ed5514\" data-element_type=\"widget\" data-widget_type=\"text-editor.default\">\n\t\t\t\t<div class=\"elementor-widget-container\">\n\t\t\t\t\t\t\t\t\t<p data-start=\"156\" data-end=\"601\"><strong data-start=\"156\" data-end=\"195\">Vidiecky penzi\u00f3n Ezathouse na Honte<\/strong> V\u00e1m pon\u00faka ubytovanie pre 14 os\u00f4b, relaxa\u010dn\u00e9 slu\u017eby, saunu, mas\u00e1\u017ee, priestor <em data-start=\"273\" data-end=\"289\">Devi\u010dsk\u00e9 Humno<\/em> s grilom a v\u00fd\u010dapom, degust\u00e1cie v tradi\u010dnom hontianskom d\u00fapenc\u00ed a po\u017ei\u010dov\u0148u e-bikov. V okol\u00ed sa nach\u00e1dza mno\u017estvo pr\u00edrodn\u00fdch a historick\u00fdch atrakci\u00ed \u2013 hrady, zr\u00facaniny aj vodn\u00e9 plochy vhodn\u00e9 na k\u00fapanie. Regi\u00f3n Hont patr\u00ed k najstar\u0161\u00edm regi\u00f3nom Slovenska a v 19. storo\u010d\u00ed bol najsevernej\u0161ou \u017eupou Rak\u00fasko-Uhorska.<\/p><p data-start=\"603\" data-end=\"1140\">Hist\u00f3ria regi\u00f3nu siaha a\u017e do 15. storo\u010dia, kedy \u0161\u013eachtick\u00e9 rody Koh\u00e1ry a Coburg vybudovali na Honte mno\u017estvo hradov a pamiatok. By\u0165 na Honte znamen\u00e1 nav\u0161t\u00edvi\u0165 Hrad Sitno, pevnos\u0165 Bzov\u00edk, hrady \u010cabra\u010f a Modr\u00fd Kame\u0148 \u010di Star\u00fd a Nov\u00fd z\u00e1mok v Banskej \u0160tiavnici, a samozrejme zn\u00e1mu \u0160tiavnick\u00fa kalv\u00e1riu. Regi\u00f3n je typick\u00fd tufov\u00fdmi pivnicami a skaln\u00fdmi \u00fatvarmi. Medzi najzn\u00e1mej\u0161ie patria Tes\u00e1rska roklina, Sebechleby, Li\u0161ov, S\u00fadovce, \u017dibritov \u010di Krupina. Ezathouse Devi\u010die sa nach\u00e1dza len 22 km od po\u013eovn\u00edckeho Ka\u0161tie\u013ea Hubert v Sv\u00e4tom Antone.<\/p><p data-start=\"1142\" data-end=\"1477\">Okrem ubytovania maj\u00fa hostia k dispoz\u00edcii z\u00e1hradu, bezplatn\u00e9 s\u00fakromn\u00e9 parkovisko, spolo\u010densk\u00fa miestnos\u0165 a terasu s grilom a v\u00fd\u010dapom. Stravovanie je zabezpe\u010den\u00e9 formou don\u00e1\u0161ky z re\u0161taur\u00e1ci\u00ed <strong data-start=\"1331\" data-end=\"1351\">Motorest Devi\u010die<\/strong> a <strong data-start=\"1354\" data-end=\"1368\">Pizza Hont<\/strong>. V objekte sa nach\u00e1dza plne vybaven\u00e1 spolo\u010dn\u00e1 kuchy\u0148a. Samozrejmos\u0165ou je bezplatn\u00e9 Wi-Fi v celom penzi\u00f3ne.<\/p><p data-start=\"1479\" data-end=\"1955\">V letn\u00fdch mesiacoch je mo\u017en\u00e9 objedna\u0165 sud piva a za\u017ei\u0165 z\u00e1\u017eitkov\u00e9 \u010dapovanie, alebo ochutna\u0165 dom\u00e1ce v\u00edna z <em data-start=\"1584\" data-end=\"1603\">Pivnice Ezathouse<\/em>. Ka\u017ed\u00e1 izba je vybaven\u00e1 p\u00edsac\u00edm stolom, TV s plochou obrazovkou a vlastnou k\u00fape\u013e\u0148ou so sprchou a bezplatn\u00fdmi toaletn\u00fdmi potrebami. S\u00fa\u010das\u0165ou ubytovania s\u00fa uter\u00e1ky a poste\u013en\u00e1 bielize\u0148. V spolo\u010dnej kuchyni maj\u00fa hostia k dispoz\u00edcii k\u00e1vovar, mikrovlnn\u00fa r\u00faru, chladni\u010dku, mrazni\u010dku a um\u00fdva\u010dku riadu. Na objedn\u00e1vku je mo\u017en\u00e9 pripravi\u0165 kontinent\u00e1lne ra\u0148ajky.<\/p><p data-start=\"1957\" data-end=\"2270\">V obci Devi\u010die sa nach\u00e1dza detsk\u00e9 ihrisko, asi 200 metrov od objektu. V okol\u00ed sa hostia m\u00f4\u017eu venova\u0165 turistike, cyklistike \u010di ly\u017eovaniu a relaxova\u0165 na pr\u00edrodnej pl\u00e1\u017ei. Len k\u00fasok od penzi\u00f3nu je s\u00fakromn\u00fd vodn\u00fd are\u00e1l <strong data-start=\"2171\" data-end=\"2186\">Lom Devi\u010die<\/strong> s kri\u0161t\u00e1\u013eovo \u010distou vodou, bufetom, v\u00fd\u010dapom a po\u017ei\u010dov\u0148ou paddleboardov a leh\u00e1tok.<\/p><p data-start=\"2272\" data-end=\"2518\">Regi\u00f3n je ob\u013e\u00faben\u00fd aj medzi cyklistami \u2013 kopcovit\u00e9 a lesn\u00e9 ter\u00e9ny \u0160tiavnick\u00fdch vrchov a Krupinskej planiny pon\u00fakaj\u00fa stovky n\u00e1dhern\u00fdch tr\u00e1s. Ezathouse v spolupr\u00e1ci s iniciat\u00edvou <em data-start=\"2449\" data-end=\"2462\">Bajkuj Hont<\/em> zabezpe\u010duje po\u017ei\u010dov\u0148u bicyklov pre ubytovan\u00fdch host\u00ed.<\/p><p data-start=\"2520\" data-end=\"2886\"><strong data-start=\"2520\" data-end=\"2533\">Ezathouse<\/strong> dlhodobo poskytuje kvalitn\u00e9 slu\u017eby a sna\u017e\u00ed sa, aby sa hostia c\u00edtili pr\u00edjemne, dom\u00e1cky a odch\u00e1dzali odd\u00fdchnut\u00ed. Na port\u00e1li Booking.com dosahuje hodnotenie <strong data-start=\"2688\" data-end=\"2695\">9,4<\/strong>, \u010do ho rad\u00ed medzi najlep\u0161ie hodnoten\u00e9 penzi\u00f3ny na Slovensku. Hos\u0165om, ktor\u00ed tu boli ubytovan\u00ed v p\u00e1re, sa lokalita mimoriadne p\u00e1\u010di \u2013 pobyt pre dve osoby ohodnotili zn\u00e1mkou <strong data-start=\"2866\" data-end=\"2883\">9,4 (\u201esuper\u201c)<\/strong>.<\/p><p data-start=\"2888\" data-end=\"2988\">Penzi\u00f3n Ezathouse je dr\u017eite\u013eom <strong data-start=\"2919\" data-end=\"2985\">Znaku kvality pre poskytovanie turistick\u00fdch slu\u017eieb na vidieku<\/strong>.<\/p>\t\t\t\t\t\t\t\t<\/div>\n\t\t\t\t<\/div>\n\t\t\t\t\t<\/div>\n\t\t\t\t<\/div>\n\t\t\t\t<\/div>","protected":false},"excerpt":{"rendered":"<p>O n\u00e1s Vidiecky penzi\u00f3n Ezathouse na Honte V\u00e1m pon\u00faka ubytovanie pre 14 os\u00f4b, relaxa\u010dn\u00e9 slu\u017eby, saunu, mas\u00e1\u017ee, priestor Devi\u010dsk\u00e9 Humno s grilom a v\u00fd\u010dapom, degust\u00e1cie v tradi\u010dnom hontianskom d\u00fapenc\u00ed a po\u017ei\u010dov\u0148u e-bikov. V okol\u00ed sa nach\u00e1dza mno\u017estvo pr\u00edrodn\u00fdch a historick\u00fdch atrakci\u00ed \u2013 hrady, zr\u00facaniny aj vodn\u00e9 plochy vhodn\u00e9 na k\u00fapanie. Regi\u00f3n Hont patr\u00ed k najstar\u0161\u00edm [&hellip;]<\/p>","protected":false},"author":1,"featured_media":0,"parent":0,"menu_order":0,"comment_status":"closed","ping_status":"closed","template":"elementor_header_footer","meta":{"footnotes":""},"class_list":["post-370","page","type-page","status-publish","hentry"],"yoast_head":"<!-- This site is optimized with the Yoast SEO plugin v24.4 - https:\/\/yoast.com\/wordpress\/plugins\/seo\/ -->\n<title>O n\u00e1s - Ezathouse Devi\u010die<\/title>\n<meta name=\"robots\" content=\"index, follow, max-snippet:-1, max-image-preview:large, max-video-preview:-1\" \/>\n<link rel=\"canonical\" href=\"https:\/\/ezathouse.sk\/en\/o-nas\/\" \/>\n<meta property=\"og:locale\" content=\"en_GB\" \/>\n<meta property=\"og:type\" content=\"article\" \/>\n<meta property=\"og:title\" content=\"O n\u00e1s - Ezathouse Devi\u010die\" \/>\n<meta property=\"og:description\" content=\"O n\u00e1s Vidiecky penzi\u00f3n Ezathouse na Honte V\u00e1m pon\u00faka ubytovanie pre 14 os\u00f4b, relaxa\u010dn\u00e9 slu\u017eby, saunu, mas\u00e1\u017ee, priestor Devi\u010dsk\u00e9 Humno s grilom a v\u00fd\u010dapom, degust\u00e1cie v tradi\u010dnom hontianskom d\u00fapenc\u00ed a po\u017ei\u010dov\u0148u e-bikov. V okol\u00ed sa nach\u00e1dza mno\u017estvo pr\u00edrodn\u00fdch a historick\u00fdch atrakci\u00ed \u2013 hrady, zr\u00facaniny aj vodn\u00e9 plochy vhodn\u00e9 na k\u00fapanie. Regi\u00f3n Hont patr\u00ed k najstar\u0161\u00edm [&hellip;]\" \/>\n<meta property=\"og:url\" content=\"https:\/\/ezathouse.sk\/en\/o-nas\/\" \/>\n<meta property=\"og:site_name\" content=\"Ezathouse Devi\u010die\" \/>\n<meta property=\"article:modified_time\" content=\"2025-11-18T19:52:15+00:00\" \/>\n<meta name=\"twitter:card\" content=\"summary_large_image\" \/>\n<meta name=\"twitter:label1\" content=\"Estimated reading time\" \/>\n\t<meta name=\"twitter:data1\" content=\"3 minutes\" \/>\n<script type=\"application\/ld+json\" class=\"yoast-schema-graph\">{\"@context\":\"https:\/\/schema.org\",\"@graph\":[{\"@type\":\"WebPage\",\"@id\":\"https:\/\/ezathouse.sk\/o-nas\/\",\"url\":\"https:\/\/ezathouse.sk\/o-nas\/\",\"name\":\"O n\u00e1s - Ezathouse Devi\u010die\",\"isPartOf\":{\"@id\":\"https:\/\/ezathouse.sk\/#website\"},\"datePublished\":\"2025-09-22T19:11:55+00:00\",\"dateModified\":\"2025-11-18T19:52:15+00:00\",\"breadcrumb\":{\"@id\":\"https:\/\/ezathouse.sk\/o-nas\/#breadcrumb\"},\"inLanguage\":\"en-GB\",\"potentialAction\":[{\"@type\":\"ReadAction\",\"target\":[\"https:\/\/ezathouse.sk\/o-nas\/\"]}]},{\"@type\":\"BreadcrumbList\",\"@id\":\"https:\/\/ezathouse.sk\/o-nas\/#breadcrumb\",\"itemListElement\":[{\"@type\":\"ListItem\",\"position\":1,\"name\":\"Domovsk\u00e1 str\u00e1nka\",\"item\":\"https:\/\/ezathouse.sk\/\"},{\"@type\":\"ListItem\",\"position\":2,\"name\":\"O n\u00e1s\"}]},{\"@type\":\"WebSite\",\"@id\":\"https:\/\/ezathouse.sk\/#website\",\"url\":\"https:\/\/ezathouse.sk\/\",\"name\":\"Ezathouse Devi\u010die\",\"description\":\"\",\"potentialAction\":[{\"@type\":\"SearchAction\",\"target\":{\"@type\":\"EntryPoint\",\"urlTemplate\":\"https:\/\/ezathouse.sk\/?s={search_term_string}\"},\"query-input\":{\"@type\":\"PropertyValueSpecification\",\"valueRequired\":true,\"valueName\":\"search_term_string\"}}],\"inLanguage\":\"en-GB\"}]}<\/script>\n<!-- \/ Yoast SEO plugin. -->","yoast_head_json":{"title":"O n\u00e1s - Ezathouse Devi\u010die","robots":{"index":"index","follow":"follow","max-snippet":"max-snippet:-1","max-image-preview":"max-image-preview:large","max-video-preview":"max-video-preview:-1"},"canonical":"https:\/\/ezathouse.sk\/en\/o-nas\/","og_locale":"en_GB","og_type":"article","og_title":"O n\u00e1s - Ezathouse Devi\u010die","og_description":"O n\u00e1s Vidiecky penzi\u00f3n Ezathouse na Honte V\u00e1m pon\u00faka ubytovanie pre 14 os\u00f4b, relaxa\u010dn\u00e9 slu\u017eby, saunu, mas\u00e1\u017ee, priestor Devi\u010dsk\u00e9 Humno s grilom a v\u00fd\u010dapom, degust\u00e1cie v tradi\u010dnom hontianskom d\u00fapenc\u00ed a po\u017ei\u010dov\u0148u e-bikov. V okol\u00ed sa nach\u00e1dza mno\u017estvo pr\u00edrodn\u00fdch a historick\u00fdch atrakci\u00ed \u2013 hrady, zr\u00facaniny aj vodn\u00e9 plochy vhodn\u00e9 na k\u00fapanie. Regi\u00f3n Hont patr\u00ed k najstar\u0161\u00edm [&hellip;]","og_url":"https:\/\/ezathouse.sk\/en\/o-nas\/","og_site_name":"Ezathouse Devi\u010die","article_modified_time":"2025-11-18T19:52:15+00:00","twitter_card":"summary_large_image","twitter_misc":{"Estimated reading time":"3 minutes"},"schema":{"@context":"https:\/\/schema.org","@graph":[{"@type":"WebPage","@id":"https:\/\/ezathouse.sk\/o-nas\/","url":"https:\/\/ezathouse.sk\/o-nas\/","name":"O n\u00e1s - Ezathouse Devi\u010die","isPartOf":{"@id":"https:\/\/ezathouse.sk\/#website"},"datePublished":"2025-09-22T19:11:55+00:00","dateModified":"2025-11-18T19:52:15+00:00","breadcrumb":{"@id":"https:\/\/ezathouse.sk\/o-nas\/#breadcrumb"},"inLanguage":"en-GB","potentialAction":[{"@type":"ReadAction","target":["https:\/\/ezathouse.sk\/o-nas\/"]}]},{"@type":"BreadcrumbList","@id":"https:\/\/ezathouse.sk\/o-nas\/#breadcrumb","itemListElement":[{"@type":"ListItem","position":1,"name":"Domovsk\u00e1 str\u00e1nka","item":"https:\/\/ezathouse.sk\/"},{"@type":"ListItem","position":2,"name":"O n\u00e1s"}]},{"@type":"WebSite","@id":"https:\/\/ezathouse.sk\/#website","url":"https:\/\/ezathouse.sk\/","name":"Ezathouse Devi\u010die","description":"","potentialAction":[{"@type":"SearchAction","target":{"@type":"EntryPoint","urlTemplate":"https:\/\/ezathouse.sk\/?s={search_term_string}"},"query-input":{"@type":"PropertyValueSpecification","valueRequired":true,"valueName":"search_term_string"}}],"inLanguage":"en-GB"}]}},"_links":{"self":[{"href":"https:\/\/ezathouse.sk\/en\/wp-json\/wp\/v2\/pages\/370","targetHints":{"allow":["GET"]}}],"collection":[{"href":"https:\/\/ezathouse.sk\/en\/wp-json\/wp\/v2\/pages"}],"about":[{"href":"https:\/\/ezathouse.sk\/en\/wp-json\/wp\/v2\/types\/page"}],"author":[{"embeddable":true,"href":"https:\/\/ezathouse.sk\/en\/wp-json\/wp\/v2\/users\/1"}],"replies":[{"embeddable":true,"href":"https:\/\/ezathouse.sk\/en\/wp-json\/wp\/v2\/comments?post=370"}],"version-history":[{"count":17,"href":"https:\/\/ezathouse.sk\/en\/wp-json\/wp\/v2\/pages\/370\/revisions"}],"predecessor-version":[{"id":819,"href":"https:\/\/ezathouse.sk\/en\/wp-json\/wp\/v2\/pages\/370\/revisions\/819"}],"wp:attachment":[{"href":"https:\/\/ezathouse.sk\/en\/wp-json\/wp\/v2\/media?parent=370"}],"curies":[{"name":"wp","href":"https:\/\/api.w.org\/{rel}","templated":true}]}}