{"id":379,"date":"2025-09-22T21:16:39","date_gmt":"2025-09-22T19:16:39","guid":{"rendered":"https:\/\/ezathouse.sk\/?page_id=379"},"modified":"2025-11-18T20:57:14","modified_gmt":"2025-11-18T19:57:14","slug":"terasa","status":"publish","type":"page","link":"https:\/\/ezathouse.sk\/en\/terasa\/","title":{"rendered":"Terasa"},"content":{"rendered":"<div data-elementor-type=\"wp-page\" data-elementor-id=\"379\" class=\"elementor elementor-379\" data-elementor-post-type=\"page\">\n\t\t\t\t<div class=\"elementor-element elementor-element-b5f0d18 e-flex e-con-boxed e-con e-parent\" data-id=\"b5f0d18\" data-element_type=\"container\" data-settings=\"{&quot;background_background&quot;:&quot;classic&quot;}\">\n\t\t\t\t\t<div class=\"e-con-inner\">\n\t\t<div class=\"elementor-element elementor-element-755bc0e8 e-con-full e-flex e-con e-child\" data-id=\"755bc0e8\" data-element_type=\"container\">\n\t\t\t\t<div class=\"elementor-element elementor-element-40c44ae0 elementor-widget elementor-widget-heading\" data-id=\"40c44ae0\" data-element_type=\"widget\" data-widget_type=\"heading.default\">\n\t\t\t\t<div class=\"elementor-widget-container\">\n\t\t\t\t\t<h1 class=\"elementor-heading-title elementor-size-default\">Terasa<\/h1>\t\t\t\t<\/div>\n\t\t\t\t<\/div>\n\t\t\t\t<\/div>\n\t\t\t\t\t<\/div>\n\t\t\t\t<\/div>\n\t\t<div class=\"elementor-element elementor-element-13a9e22f e-flex e-con-boxed e-con e-parent\" data-id=\"13a9e22f\" data-element_type=\"container\">\n\t\t\t\t\t<div class=\"e-con-inner\">\n\t\t\t\t<div class=\"elementor-element elementor-element-5ed5514 elementor-widget elementor-widget-text-editor\" data-id=\"5ed5514\" data-element_type=\"widget\" data-widget_type=\"text-editor.default\">\n\t\t\t\t<div class=\"elementor-widget-container\">\n\t\t\t\t\t\t\t\t\t<p>Pred penzionom sa nach\u00e1dza vonkaj\u0161ia terasa, kde je mo\u017en\u00e9 grilova\u0165 \u010di relaxova\u0165. Gril a kotlina na gul\u00e1\u0161 s\u00fa k dispoz\u00edcii. V objekte sa nach\u00e1dza aj v\u00fd\u010dap, pre velk\u00e9 skupiny na objedn\u00e1vku je mo\u017en\u00e9 narazi\u0165 sud s pivom Pilsner Urquell 12, Bernard 11 \u010di in\u00e9.<\/p>\t\t\t\t\t\t\t\t<\/div>\n\t\t\t\t<\/div>\n\t\t\t\t<div class=\"elementor-element elementor-element-2da4ac6 elementor-widget elementor-widget-gallery\" data-id=\"2da4ac6\" data-element_type=\"widget\" data-settings=\"{&quot;lazyload&quot;:&quot;yes&quot;,&quot;gallery_layout&quot;:&quot;grid&quot;,&quot;columns&quot;:4,&quot;columns_tablet&quot;:2,&quot;columns_mobile&quot;:1,&quot;gap&quot;:{&quot;unit&quot;:&quot;px&quot;,&quot;size&quot;:10,&quot;sizes&quot;:[]},&quot;gap_tablet&quot;:{&quot;unit&quot;:&quot;px&quot;,&quot;size&quot;:10,&quot;sizes&quot;:[]},&quot;gap_mobile&quot;:{&quot;unit&quot;:&quot;px&quot;,&quot;size&quot;:10,&quot;sizes&quot;:[]},&quot;link_to&quot;:&quot;file&quot;,&quot;aspect_ratio&quot;:&quot;3:2&quot;,&quot;overlay_background&quot;:&quot;yes&quot;,&quot;content_hover_animation&quot;:&quot;fade-in&quot;}\" data-widget_type=\"gallery.default\">\n\t\t\t\t<div class=\"elementor-widget-container\">\n\t\t\t\t\t\t\t<div class=\"elementor-gallery__container\">\n\t\t\t\t\t\t\t<a class=\"e-gallery-item elementor-gallery-item elementor-animated-content\" href=\"https:\/\/ezathouse.sk\/wp-content\/uploads\/2025\/09\/terasa-1-1.jpg\" data-elementor-open-lightbox=\"yes\" data-elementor-lightbox-slideshow=\"2da4ac6\" data-elementor-lightbox-title=\"terasa 1\" data-e-action-hash=\"#elementor-action%3Aaction%3Dlightbox%26settings%3DeyJpZCI6MzgxLCJ1cmwiOiJodHRwczpcL1wvZXphdGhvdXNlLnNrXC93cC1jb250ZW50XC91cGxvYWRzXC8yMDI1XC8wOVwvdGVyYXNhLTEtMS5qcGciLCJzbGlkZXNob3ciOiIyZGE0YWM2In0%3D\">\n\t\t\t\t\t<div class=\"e-gallery-image elementor-gallery-item__image\" data-thumbnail=\"https:\/\/ezathouse.sk\/wp-content\/uploads\/2025\/09\/terasa-1-1.jpg\" data-width=\"2048\" data-height=\"1536\" aria-label=\"\" role=\"img\" ><\/div>\n\t\t\t\t\t\t\t\t\t\t\t<div class=\"elementor-gallery-item__overlay\"><\/div>\n\t\t\t\t\t\t\t\t\t\t\t\t\t\t<\/a>\n\t\t\t\t\t\t\t<a class=\"e-gallery-item elementor-gallery-item elementor-animated-content\" href=\"https:\/\/ezathouse.sk\/wp-content\/uploads\/2025\/09\/terasa-3-1.jpg\" data-elementor-open-lightbox=\"yes\" data-elementor-lightbox-slideshow=\"2da4ac6\" data-elementor-lightbox-title=\"terasa 3\" data-e-action-hash=\"#elementor-action%3Aaction%3Dlightbox%26settings%3DeyJpZCI6MzgyLCJ1cmwiOiJodHRwczpcL1wvZXphdGhvdXNlLnNrXC93cC1jb250ZW50XC91cGxvYWRzXC8yMDI1XC8wOVwvdGVyYXNhLTMtMS5qcGciLCJzbGlkZXNob3ciOiIyZGE0YWM2In0%3D\">\n\t\t\t\t\t<div class=\"e-gallery-image elementor-gallery-item__image\" data-thumbnail=\"https:\/\/ezathouse.sk\/wp-content\/uploads\/2025\/09\/terasa-3-1.jpg\" data-width=\"2048\" data-height=\"1536\" aria-label=\"\" role=\"img\" ><\/div>\n\t\t\t\t\t\t\t\t\t\t\t<div class=\"elementor-gallery-item__overlay\"><\/div>\n\t\t\t\t\t\t\t\t\t\t\t\t\t\t<\/a>\n\t\t\t\t\t\t\t<a class=\"e-gallery-item elementor-gallery-item elementor-animated-content\" href=\"https:\/\/ezathouse.sk\/wp-content\/uploads\/2025\/09\/terasa-6.jpg\" data-elementor-open-lightbox=\"yes\" data-elementor-lightbox-slideshow=\"2da4ac6\" data-elementor-lightbox-title=\"terasa 6\" data-e-action-hash=\"#elementor-action%3Aaction%3Dlightbox%26settings%3DeyJpZCI6MzgzLCJ1cmwiOiJodHRwczpcL1wvZXphdGhvdXNlLnNrXC93cC1jb250ZW50XC91cGxvYWRzXC8yMDI1XC8wOVwvdGVyYXNhLTYuanBnIiwic2xpZGVzaG93IjoiMmRhNGFjNiJ9\">\n\t\t\t\t\t<div class=\"e-gallery-image elementor-gallery-item__image\" data-thumbnail=\"https:\/\/ezathouse.sk\/wp-content\/uploads\/2025\/09\/terasa-6.jpg\" data-width=\"960\" data-height=\"720\" aria-label=\"\" role=\"img\" ><\/div>\n\t\t\t\t\t\t\t\t\t\t\t<div class=\"elementor-gallery-item__overlay\"><\/div>\n\t\t\t\t\t\t\t\t\t\t\t\t\t\t<\/a>\n\t\t\t\t\t<\/div>\n\t\t\t\t\t<\/div>\n\t\t\t\t<\/div>\n\t\t\t\t\t<\/div>\n\t\t\t\t<\/div>\n\t\t\t\t<\/div>","protected":false},"excerpt":{"rendered":"<p>Terasa Pred penzionom sa nach\u00e1dza vonkaj\u0161ia terasa, kde je mo\u017en\u00e9 grilova\u0165 \u010di relaxova\u0165. Gril a kotlina na gul\u00e1\u0161 s\u00fa k dispoz\u00edcii. V objekte sa nach\u00e1dza aj v\u00fd\u010dap, pre velk\u00e9 skupiny na objedn\u00e1vku je mo\u017en\u00e9 narazi\u0165 sud s pivom Pilsner Urquell 12, Bernard 11 \u010di in\u00e9.<\/p>","protected":false},"author":1,"featured_media":0,"parent":0,"menu_order":0,"comment_status":"closed","ping_status":"closed","template":"elementor_header_footer","meta":{"footnotes":""},"class_list":["post-379","page","type-page","status-publish","hentry"],"yoast_head":"<!-- This site is optimized with the Yoast SEO plugin v24.4 - https:\/\/yoast.com\/wordpress\/plugins\/seo\/ -->\n<title>Terasa - Ezathouse Devi\u010die<\/title>\n<meta name=\"robots\" content=\"index, follow, max-snippet:-1, max-image-preview:large, max-video-preview:-1\" \/>\n<link rel=\"canonical\" href=\"https:\/\/ezathouse.sk\/en\/terasa\/\" \/>\n<meta property=\"og:locale\" content=\"en_GB\" \/>\n<meta property=\"og:type\" content=\"article\" \/>\n<meta property=\"og:title\" content=\"Terasa - Ezathouse Devi\u010die\" \/>\n<meta property=\"og:description\" content=\"Terasa Pred penzionom sa nach\u00e1dza vonkaj\u0161ia terasa, kde je mo\u017en\u00e9 grilova\u0165 \u010di relaxova\u0165. Gril a kotlina na gul\u00e1\u0161 s\u00fa k dispoz\u00edcii. V objekte sa nach\u00e1dza aj v\u00fd\u010dap, pre velk\u00e9 skupiny na objedn\u00e1vku je mo\u017en\u00e9 narazi\u0165 sud s pivom Pilsner Urquell 12, Bernard 11 \u010di in\u00e9.\" \/>\n<meta property=\"og:url\" content=\"https:\/\/ezathouse.sk\/en\/terasa\/\" \/>\n<meta property=\"og:site_name\" content=\"Ezathouse Devi\u010die\" \/>\n<meta property=\"article:modified_time\" content=\"2025-11-18T19:57:14+00:00\" \/>\n<meta name=\"twitter:card\" content=\"summary_large_image\" \/>\n<meta name=\"twitter:label1\" content=\"Estimated reading time\" \/>\n\t<meta name=\"twitter:data1\" content=\"1 minute\" \/>\n<script type=\"application\/ld+json\" class=\"yoast-schema-graph\">{\"@context\":\"https:\/\/schema.org\",\"@graph\":[{\"@type\":\"WebPage\",\"@id\":\"https:\/\/ezathouse.sk\/terasa\/\",\"url\":\"https:\/\/ezathouse.sk\/terasa\/\",\"name\":\"Terasa - Ezathouse Devi\u010die\",\"isPartOf\":{\"@id\":\"https:\/\/ezathouse.sk\/#website\"},\"datePublished\":\"2025-09-22T19:16:39+00:00\",\"dateModified\":\"2025-11-18T19:57:14+00:00\",\"breadcrumb\":{\"@id\":\"https:\/\/ezathouse.sk\/terasa\/#breadcrumb\"},\"inLanguage\":\"en-GB\",\"potentialAction\":[{\"@type\":\"ReadAction\",\"target\":[\"https:\/\/ezathouse.sk\/terasa\/\"]}]},{\"@type\":\"BreadcrumbList\",\"@id\":\"https:\/\/ezathouse.sk\/terasa\/#breadcrumb\",\"itemListElement\":[{\"@type\":\"ListItem\",\"position\":1,\"name\":\"Domovsk\u00e1 str\u00e1nka\",\"item\":\"https:\/\/ezathouse.sk\/\"},{\"@type\":\"ListItem\",\"position\":2,\"name\":\"Terasa\"}]},{\"@type\":\"WebSite\",\"@id\":\"https:\/\/ezathouse.sk\/#website\",\"url\":\"https:\/\/ezathouse.sk\/\",\"name\":\"Ezathouse Devi\u010die\",\"description\":\"\",\"potentialAction\":[{\"@type\":\"SearchAction\",\"target\":{\"@type\":\"EntryPoint\",\"urlTemplate\":\"https:\/\/ezathouse.sk\/?s={search_term_string}\"},\"query-input\":{\"@type\":\"PropertyValueSpecification\",\"valueRequired\":true,\"valueName\":\"search_term_string\"}}],\"inLanguage\":\"en-GB\"}]}<\/script>\n<!-- \/ Yoast SEO plugin. -->","yoast_head_json":{"title":"Terasa - Ezathouse Devi\u010die","robots":{"index":"index","follow":"follow","max-snippet":"max-snippet:-1","max-image-preview":"max-image-preview:large","max-video-preview":"max-video-preview:-1"},"canonical":"https:\/\/ezathouse.sk\/en\/terasa\/","og_locale":"en_GB","og_type":"article","og_title":"Terasa - Ezathouse Devi\u010die","og_description":"Terasa Pred penzionom sa nach\u00e1dza vonkaj\u0161ia terasa, kde je mo\u017en\u00e9 grilova\u0165 \u010di relaxova\u0165. Gril a kotlina na gul\u00e1\u0161 s\u00fa k dispoz\u00edcii. V objekte sa nach\u00e1dza aj v\u00fd\u010dap, pre velk\u00e9 skupiny na objedn\u00e1vku je mo\u017en\u00e9 narazi\u0165 sud s pivom Pilsner Urquell 12, Bernard 11 \u010di in\u00e9.","og_url":"https:\/\/ezathouse.sk\/en\/terasa\/","og_site_name":"Ezathouse Devi\u010die","article_modified_time":"2025-11-18T19:57:14+00:00","twitter_card":"summary_large_image","twitter_misc":{"Estimated reading time":"1 minute"},"schema":{"@context":"https:\/\/schema.org","@graph":[{"@type":"WebPage","@id":"https:\/\/ezathouse.sk\/terasa\/","url":"https:\/\/ezathouse.sk\/terasa\/","name":"Terasa - Ezathouse Devi\u010die","isPartOf":{"@id":"https:\/\/ezathouse.sk\/#website"},"datePublished":"2025-09-22T19:16:39+00:00","dateModified":"2025-11-18T19:57:14+00:00","breadcrumb":{"@id":"https:\/\/ezathouse.sk\/terasa\/#breadcrumb"},"inLanguage":"en-GB","potentialAction":[{"@type":"ReadAction","target":["https:\/\/ezathouse.sk\/terasa\/"]}]},{"@type":"BreadcrumbList","@id":"https:\/\/ezathouse.sk\/terasa\/#breadcrumb","itemListElement":[{"@type":"ListItem","position":1,"name":"Domovsk\u00e1 str\u00e1nka","item":"https:\/\/ezathouse.sk\/"},{"@type":"ListItem","position":2,"name":"Terasa"}]},{"@type":"WebSite","@id":"https:\/\/ezathouse.sk\/#website","url":"https:\/\/ezathouse.sk\/","name":"Ezathouse Devi\u010die","description":"","potentialAction":[{"@type":"SearchAction","target":{"@type":"EntryPoint","urlTemplate":"https:\/\/ezathouse.sk\/?s={search_term_string}"},"query-input":{"@type":"PropertyValueSpecification","valueRequired":true,"valueName":"search_term_string"}}],"inLanguage":"en-GB"}]}},"_links":{"self":[{"href":"https:\/\/ezathouse.sk\/en\/wp-json\/wp\/v2\/pages\/379","targetHints":{"allow":["GET"]}}],"collection":[{"href":"https:\/\/ezathouse.sk\/en\/wp-json\/wp\/v2\/pages"}],"about":[{"href":"https:\/\/ezathouse.sk\/en\/wp-json\/wp\/v2\/types\/page"}],"author":[{"embeddable":true,"href":"https:\/\/ezathouse.sk\/en\/wp-json\/wp\/v2\/users\/1"}],"replies":[{"embeddable":true,"href":"https:\/\/ezathouse.sk\/en\/wp-json\/wp\/v2\/comments?post=379"}],"version-history":[{"count":11,"href":"https:\/\/ezathouse.sk\/en\/wp-json\/wp\/v2\/pages\/379\/revisions"}],"predecessor-version":[{"id":836,"href":"https:\/\/ezathouse.sk\/en\/wp-json\/wp\/v2\/pages\/379\/revisions\/836"}],"wp:attachment":[{"href":"https:\/\/ezathouse.sk\/en\/wp-json\/wp\/v2\/media?parent=379"}],"curies":[{"name":"wp","href":"https:\/\/api.w.org\/{rel}","templated":true}]}}