{"id":414,"date":"2025-09-24T21:16:16","date_gmt":"2025-09-24T19:16:16","guid":{"rendered":"https:\/\/ezathouse.sk\/?page_id=414"},"modified":"2025-11-18T20:53:50","modified_gmt":"2025-11-18T19:53:50","slug":"pozicovna-e-bike","status":"publish","type":"page","link":"https:\/\/ezathouse.sk\/en\/pozicovna-e-bike\/","title":{"rendered":"Po\u017ei\u010dov\u0148a E-bike"},"content":{"rendered":"<div data-elementor-type=\"wp-page\" data-elementor-id=\"414\" class=\"elementor elementor-414\" data-elementor-post-type=\"page\">\n\t\t\t\t<div class=\"elementor-element elementor-element-b5f0d18 e-flex e-con-boxed e-con e-parent\" data-id=\"b5f0d18\" data-element_type=\"container\" data-settings=\"{&quot;background_background&quot;:&quot;classic&quot;}\">\n\t\t\t\t\t<div class=\"e-con-inner\">\n\t\t<div class=\"elementor-element elementor-element-755bc0e8 e-con-full e-flex e-con e-child\" data-id=\"755bc0e8\" data-element_type=\"container\">\n\t\t\t\t<div class=\"elementor-element elementor-element-40c44ae0 elementor-widget elementor-widget-heading\" data-id=\"40c44ae0\" data-element_type=\"widget\" data-widget_type=\"heading.default\">\n\t\t\t\t<div class=\"elementor-widget-container\">\n\t\t\t\t\t<h1 class=\"elementor-heading-title elementor-size-default\">Po\u017ei\u010dov\u0148a E-bike<\/h1>\t\t\t\t<\/div>\n\t\t\t\t<\/div>\n\t\t\t\t<\/div>\n\t\t\t\t\t<\/div>\n\t\t\t\t<\/div>\n\t\t<div class=\"elementor-element elementor-element-13a9e22f e-flex e-con-boxed e-con e-parent\" data-id=\"13a9e22f\" data-element_type=\"container\">\n\t\t\t\t\t<div class=\"e-con-inner\">\n\t\t\t\t<div class=\"elementor-element elementor-element-6469e9f elementor-widget elementor-widget-text-editor\" data-id=\"6469e9f\" data-element_type=\"widget\" data-widget_type=\"text-editor.default\">\n\t\t\t\t<div class=\"elementor-widget-container\">\n\t\t\t\t\t\t\t\t\t<p>Ezathouse v spolupr\u00e1ci so svojim partnerom <strong>Bajkuj Hont<\/strong> V\u00e1m zabezpe\u010d\u00ed zapo\u017ei\u010danie E-biku pod\u013ea Va\u0161ej potreby pre jednotlivcov a v\u00e4\u010d\u0161ie skupiny.<\/p>\n\n<table style=\"width: 100%; max-width: 400px; border-collapse: collapse; margin-top: 10px;\">\n  <tbody>\n    <tr>\n      <td style=\"text-align: left;\">Cena zapo\u017ei\u010dania na 4 hodiny<\/td>\n      <td style=\"text-align: right;\"><strong>25&nbsp;\u20ac<\/strong><\/td>\n    <\/tr>\n    <tr>\n      <td style=\"text-align: left;\">Cena zapo\u017ei\u010dania na 1 de\u0148<\/td>\n      <td style=\"text-align: right;\"><strong>30&nbsp;\u20ac<\/strong><\/td>\n    <\/tr>\n    <tr>\n      <td style=\"text-align: left;\">Cena zapo\u017ei\u010dania na 2 dni<\/td>\n      <td style=\"text-align: right;\"><strong>55&nbsp;\u20ac<\/strong><\/td>\n    <\/tr>\n    <tr>\n      <td style=\"text-align: left;\">Kaucia<\/td>\n      <td style=\"text-align: right;\"><strong>100&nbsp;\u20ac<\/strong><\/td>\n    <\/tr>\n  <\/tbody>\n<\/table>\n\n<p><span style=\"color: #080809;\">Ve\u013ekosti bajkov od XS, S, M, L zna\u010dky GIANT.<\/span><\/p>\n<p><span style=\"color: #080809;\">Objedn\u00e1va\u0165 m\u00f4\u017eete na telef\u00f3nnom \u010d\u00edsle:<\/span> <strong>0944 211 954<\/strong><\/p>\n\t\t\t\t\t\t\t\t<\/div>\n\t\t\t\t<\/div>\n\t\t\t\t\t<\/div>\n\t\t\t\t<\/div>\n\t\t<div class=\"elementor-element elementor-element-bceb0f7 e-flex e-con-boxed e-con e-parent\" data-id=\"bceb0f7\" data-element_type=\"container\">\n\t\t\t\t\t<div class=\"e-con-inner\">\n\t\t\t\t<div class=\"elementor-element elementor-element-ce4adc2 elementor-widget elementor-widget-gallery\" data-id=\"ce4adc2\" data-element_type=\"widget\" data-settings=\"{&quot;gallery_layout&quot;:&quot;justified&quot;,&quot;lazyload&quot;:&quot;yes&quot;,&quot;ideal_row_height&quot;:{&quot;unit&quot;:&quot;px&quot;,&quot;size&quot;:200,&quot;sizes&quot;:[]},&quot;ideal_row_height_tablet&quot;:{&quot;unit&quot;:&quot;px&quot;,&quot;size&quot;:150,&quot;sizes&quot;:[]},&quot;ideal_row_height_mobile&quot;:{&quot;unit&quot;:&quot;px&quot;,&quot;size&quot;:150,&quot;sizes&quot;:[]},&quot;gap&quot;:{&quot;unit&quot;:&quot;px&quot;,&quot;size&quot;:10,&quot;sizes&quot;:[]},&quot;gap_tablet&quot;:{&quot;unit&quot;:&quot;px&quot;,&quot;size&quot;:10,&quot;sizes&quot;:[]},&quot;gap_mobile&quot;:{&quot;unit&quot;:&quot;px&quot;,&quot;size&quot;:10,&quot;sizes&quot;:[]},&quot;link_to&quot;:&quot;file&quot;,&quot;overlay_background&quot;:&quot;yes&quot;,&quot;content_hover_animation&quot;:&quot;fade-in&quot;}\" data-widget_type=\"gallery.default\">\n\t\t\t\t<div class=\"elementor-widget-container\">\n\t\t\t\t\t\t\t<div class=\"elementor-gallery__container\">\n\t\t\t\t\t\t\t<a class=\"e-gallery-item elementor-gallery-item elementor-animated-content\" href=\"https:\/\/ezathouse.sk\/wp-content\/uploads\/2025\/09\/Bike-titulne-foto.jpg\" data-elementor-open-lightbox=\"yes\" data-elementor-lightbox-slideshow=\"ce4adc2\" data-elementor-lightbox-title=\"Bike titulne foto\" data-e-action-hash=\"#elementor-action%3Aaction%3Dlightbox%26settings%3DeyJpZCI6NDE2LCJ1cmwiOiJodHRwczpcL1wvZXphdGhvdXNlLnNrXC93cC1jb250ZW50XC91cGxvYWRzXC8yMDI1XC8wOVwvQmlrZS10aXR1bG5lLWZvdG8uanBnIiwic2xpZGVzaG93IjoiY2U0YWRjMiJ9\">\n\t\t\t\t\t<div class=\"e-gallery-image elementor-gallery-item__image\" data-thumbnail=\"https:\/\/ezathouse.sk\/wp-content\/uploads\/2025\/09\/Bike-titulne-foto-1152x1536.jpg\" data-width=\"1152\" data-height=\"1536\" aria-label=\"\" role=\"img\" ><\/div>\n\t\t\t\t\t\t\t\t\t\t\t<div class=\"elementor-gallery-item__overlay\"><\/div>\n\t\t\t\t\t\t\t\t\t\t\t\t\t\t<\/a>\n\t\t\t\t\t\t\t<a class=\"e-gallery-item elementor-gallery-item elementor-animated-content\" href=\"https:\/\/ezathouse.sk\/wp-content\/uploads\/2025\/10\/541996103_804175062131396_6377639281295993673_n.jpg\" data-elementor-open-lightbox=\"yes\" data-elementor-lightbox-slideshow=\"ce4adc2\" data-elementor-lightbox-title=\"541996103_804175062131396_6377639281295993673_n\" data-e-action-hash=\"#elementor-action%3Aaction%3Dlightbox%26settings%3DeyJpZCI6NjgyLCJ1cmwiOiJodHRwczpcL1wvZXphdGhvdXNlLnNrXC93cC1jb250ZW50XC91cGxvYWRzXC8yMDI1XC8xMFwvNTQxOTk2MTAzXzgwNDE3NTA2MjEzMTM5Nl82Mzc3NjM5MjgxMjk1OTkzNjczX24uanBnIiwic2xpZGVzaG93IjoiY2U0YWRjMiJ9\">\n\t\t\t\t\t<div class=\"e-gallery-image elementor-gallery-item__image\" data-thumbnail=\"https:\/\/ezathouse.sk\/wp-content\/uploads\/2025\/10\/541996103_804175062131396_6377639281295993673_n.jpg\" data-width=\"960\" data-height=\"720\" aria-label=\"\" role=\"img\" ><\/div>\n\t\t\t\t\t\t\t\t\t\t\t<div class=\"elementor-gallery-item__overlay\"><\/div>\n\t\t\t\t\t\t\t\t\t\t\t\t\t\t<\/a>\n\t\t\t\t\t\t\t<a class=\"e-gallery-item elementor-gallery-item elementor-animated-content\" href=\"https:\/\/ezathouse.sk\/wp-content\/uploads\/2025\/10\/541211458_1413304429759897_6498152293272873360_n.jpg\" data-elementor-open-lightbox=\"yes\" data-elementor-lightbox-slideshow=\"ce4adc2\" data-elementor-lightbox-title=\"541211458_1413304429759897_6498152293272873360_n\" data-e-action-hash=\"#elementor-action%3Aaction%3Dlightbox%26settings%3DeyJpZCI6NjgzLCJ1cmwiOiJodHRwczpcL1wvZXphdGhvdXNlLnNrXC93cC1jb250ZW50XC91cGxvYWRzXC8yMDI1XC8xMFwvNTQxMjExNDU4XzE0MTMzMDQ0Mjk3NTk4OTdfNjQ5ODE1MjI5MzI3Mjg3MzM2MF9uLmpwZyIsInNsaWRlc2hvdyI6ImNlNGFkYzIifQ%3D%3D\">\n\t\t\t\t\t<div class=\"e-gallery-image elementor-gallery-item__image\" data-thumbnail=\"https:\/\/ezathouse.sk\/wp-content\/uploads\/2025\/10\/541211458_1413304429759897_6498152293272873360_n.jpg\" data-width=\"960\" data-height=\"720\" aria-label=\"\" role=\"img\" ><\/div>\n\t\t\t\t\t\t\t\t\t\t\t<div class=\"elementor-gallery-item__overlay\"><\/div>\n\t\t\t\t\t\t\t\t\t\t\t\t\t\t<\/a>\n\t\t\t\t\t\t\t<a class=\"e-gallery-item elementor-gallery-item elementor-animated-content\" href=\"https:\/\/ezathouse.sk\/wp-content\/uploads\/2025\/10\/541437610_819244417123390_6974481835663016658_n.jpg\" data-elementor-open-lightbox=\"yes\" data-elementor-lightbox-slideshow=\"ce4adc2\" data-elementor-lightbox-title=\"541437610_819244417123390_6974481835663016658_n\" data-e-action-hash=\"#elementor-action%3Aaction%3Dlightbox%26settings%3DeyJpZCI6Njg0LCJ1cmwiOiJodHRwczpcL1wvZXphdGhvdXNlLnNrXC93cC1jb250ZW50XC91cGxvYWRzXC8yMDI1XC8xMFwvNTQxNDM3NjEwXzgxOTI0NDQxNzEyMzM5MF82OTc0NDgxODM1NjYzMDE2NjU4X24uanBnIiwic2xpZGVzaG93IjoiY2U0YWRjMiJ9\">\n\t\t\t\t\t<div class=\"e-gallery-image elementor-gallery-item__image\" data-thumbnail=\"https:\/\/ezathouse.sk\/wp-content\/uploads\/2025\/10\/541437610_819244417123390_6974481835663016658_n.jpg\" data-width=\"720\" data-height=\"960\" aria-label=\"\" role=\"img\" ><\/div>\n\t\t\t\t\t\t\t\t\t\t\t<div class=\"elementor-gallery-item__overlay\"><\/div>\n\t\t\t\t\t\t\t\t\t\t\t\t\t\t<\/a>\n\t\t\t\t\t<\/div>\n\t\t\t\t\t<\/div>\n\t\t\t\t<\/div>\n\t\t\t\t\t<\/div>\n\t\t\t\t<\/div>\n\t\t\t\t<\/div>","protected":false},"excerpt":{"rendered":"<p>Po\u017ei\u010dov\u0148a E-bike Ezathouse v spolupr\u00e1ci so svojim partnerom Bajkuj Hont V\u00e1m zabezpe\u010d\u00ed zapo\u017ei\u010danie E-biku pod\u013ea Va\u0161ej potreby pre jednotlivcov a v\u00e4\u010d\u0161ie skupiny. Cena zapo\u017ei\u010dania na 4 hodiny 25\u00a0\u20ac Cena zapo\u017ei\u010dania na 1 de\u0148 30\u00a0\u20ac Cena zapo\u017ei\u010dania na 2 dni 55\u00a0\u20ac Kaucia 100\u00a0\u20ac Ve\u013ekosti bajkov od XS, S, M, L zna\u010dky GIANT. Objedn\u00e1va\u0165 m\u00f4\u017eete na telef\u00f3nnom [&hellip;]<\/p>","protected":false},"author":1,"featured_media":0,"parent":0,"menu_order":0,"comment_status":"closed","ping_status":"closed","template":"elementor_header_footer","meta":{"footnotes":""},"class_list":["post-414","page","type-page","status-publish","hentry"],"yoast_head":"<!-- This site is optimized with the Yoast SEO plugin v24.4 - https:\/\/yoast.com\/wordpress\/plugins\/seo\/ -->\n<title>Po\u017ei\u010dov\u0148a E-bike - Ezathouse Devi\u010die<\/title>\n<meta name=\"robots\" content=\"index, follow, max-snippet:-1, max-image-preview:large, max-video-preview:-1\" \/>\n<link rel=\"canonical\" href=\"https:\/\/ezathouse.sk\/en\/pozicovna-e-bike\/\" \/>\n<meta property=\"og:locale\" content=\"en_GB\" \/>\n<meta property=\"og:type\" content=\"article\" \/>\n<meta property=\"og:title\" content=\"Po\u017ei\u010dov\u0148a E-bike - Ezathouse Devi\u010die\" \/>\n<meta property=\"og:description\" content=\"Po\u017ei\u010dov\u0148a E-bike Ezathouse v spolupr\u00e1ci so svojim partnerom Bajkuj Hont V\u00e1m zabezpe\u010d\u00ed zapo\u017ei\u010danie E-biku pod\u013ea Va\u0161ej potreby pre jednotlivcov a v\u00e4\u010d\u0161ie skupiny. Cena zapo\u017ei\u010dania na 4 hodiny 25\u00a0\u20ac Cena zapo\u017ei\u010dania na 1 de\u0148 30\u00a0\u20ac Cena zapo\u017ei\u010dania na 2 dni 55\u00a0\u20ac Kaucia 100\u00a0\u20ac Ve\u013ekosti bajkov od XS, S, M, L zna\u010dky GIANT. Objedn\u00e1va\u0165 m\u00f4\u017eete na telef\u00f3nnom [&hellip;]\" \/>\n<meta property=\"og:url\" content=\"https:\/\/ezathouse.sk\/en\/pozicovna-e-bike\/\" \/>\n<meta property=\"og:site_name\" content=\"Ezathouse Devi\u010die\" \/>\n<meta property=\"article:modified_time\" content=\"2025-11-18T19:53:50+00:00\" \/>\n<meta name=\"twitter:card\" content=\"summary_large_image\" \/>\n<meta name=\"twitter:label1\" content=\"Estimated reading time\" \/>\n\t<meta name=\"twitter:data1\" content=\"1 minute\" \/>\n<script type=\"application\/ld+json\" class=\"yoast-schema-graph\">{\"@context\":\"https:\/\/schema.org\",\"@graph\":[{\"@type\":\"WebPage\",\"@id\":\"https:\/\/ezathouse.sk\/pozicovna-e-bike\/\",\"url\":\"https:\/\/ezathouse.sk\/pozicovna-e-bike\/\",\"name\":\"Po\u017ei\u010dov\u0148a E-bike - Ezathouse Devi\u010die\",\"isPartOf\":{\"@id\":\"https:\/\/ezathouse.sk\/#website\"},\"datePublished\":\"2025-09-24T19:16:16+00:00\",\"dateModified\":\"2025-11-18T19:53:50+00:00\",\"breadcrumb\":{\"@id\":\"https:\/\/ezathouse.sk\/pozicovna-e-bike\/#breadcrumb\"},\"inLanguage\":\"en-GB\",\"potentialAction\":[{\"@type\":\"ReadAction\",\"target\":[\"https:\/\/ezathouse.sk\/pozicovna-e-bike\/\"]}]},{\"@type\":\"BreadcrumbList\",\"@id\":\"https:\/\/ezathouse.sk\/pozicovna-e-bike\/#breadcrumb\",\"itemListElement\":[{\"@type\":\"ListItem\",\"position\":1,\"name\":\"Domovsk\u00e1 str\u00e1nka\",\"item\":\"https:\/\/ezathouse.sk\/\"},{\"@type\":\"ListItem\",\"position\":2,\"name\":\"Po\u017ei\u010dov\u0148a E-bike\"}]},{\"@type\":\"WebSite\",\"@id\":\"https:\/\/ezathouse.sk\/#website\",\"url\":\"https:\/\/ezathouse.sk\/\",\"name\":\"Ezathouse Devi\u010die\",\"description\":\"\",\"potentialAction\":[{\"@type\":\"SearchAction\",\"target\":{\"@type\":\"EntryPoint\",\"urlTemplate\":\"https:\/\/ezathouse.sk\/?s={search_term_string}\"},\"query-input\":{\"@type\":\"PropertyValueSpecification\",\"valueRequired\":true,\"valueName\":\"search_term_string\"}}],\"inLanguage\":\"en-GB\"}]}<\/script>\n<!-- \/ Yoast SEO plugin. -->","yoast_head_json":{"title":"Po\u017ei\u010dov\u0148a E-bike - Ezathouse Devi\u010die","robots":{"index":"index","follow":"follow","max-snippet":"max-snippet:-1","max-image-preview":"max-image-preview:large","max-video-preview":"max-video-preview:-1"},"canonical":"https:\/\/ezathouse.sk\/en\/pozicovna-e-bike\/","og_locale":"en_GB","og_type":"article","og_title":"Po\u017ei\u010dov\u0148a E-bike - Ezathouse Devi\u010die","og_description":"Po\u017ei\u010dov\u0148a E-bike Ezathouse v spolupr\u00e1ci so svojim partnerom Bajkuj Hont V\u00e1m zabezpe\u010d\u00ed zapo\u017ei\u010danie E-biku pod\u013ea Va\u0161ej potreby pre jednotlivcov a v\u00e4\u010d\u0161ie skupiny. Cena zapo\u017ei\u010dania na 4 hodiny 25\u00a0\u20ac Cena zapo\u017ei\u010dania na 1 de\u0148 30\u00a0\u20ac Cena zapo\u017ei\u010dania na 2 dni 55\u00a0\u20ac Kaucia 100\u00a0\u20ac Ve\u013ekosti bajkov od XS, S, M, L zna\u010dky GIANT. Objedn\u00e1va\u0165 m\u00f4\u017eete na telef\u00f3nnom [&hellip;]","og_url":"https:\/\/ezathouse.sk\/en\/pozicovna-e-bike\/","og_site_name":"Ezathouse Devi\u010die","article_modified_time":"2025-11-18T19:53:50+00:00","twitter_card":"summary_large_image","twitter_misc":{"Estimated reading time":"1 minute"},"schema":{"@context":"https:\/\/schema.org","@graph":[{"@type":"WebPage","@id":"https:\/\/ezathouse.sk\/pozicovna-e-bike\/","url":"https:\/\/ezathouse.sk\/pozicovna-e-bike\/","name":"Po\u017ei\u010dov\u0148a E-bike - Ezathouse Devi\u010die","isPartOf":{"@id":"https:\/\/ezathouse.sk\/#website"},"datePublished":"2025-09-24T19:16:16+00:00","dateModified":"2025-11-18T19:53:50+00:00","breadcrumb":{"@id":"https:\/\/ezathouse.sk\/pozicovna-e-bike\/#breadcrumb"},"inLanguage":"en-GB","potentialAction":[{"@type":"ReadAction","target":["https:\/\/ezathouse.sk\/pozicovna-e-bike\/"]}]},{"@type":"BreadcrumbList","@id":"https:\/\/ezathouse.sk\/pozicovna-e-bike\/#breadcrumb","itemListElement":[{"@type":"ListItem","position":1,"name":"Domovsk\u00e1 str\u00e1nka","item":"https:\/\/ezathouse.sk\/"},{"@type":"ListItem","position":2,"name":"Po\u017ei\u010dov\u0148a E-bike"}]},{"@type":"WebSite","@id":"https:\/\/ezathouse.sk\/#website","url":"https:\/\/ezathouse.sk\/","name":"Ezathouse Devi\u010die","description":"","potentialAction":[{"@type":"SearchAction","target":{"@type":"EntryPoint","urlTemplate":"https:\/\/ezathouse.sk\/?s={search_term_string}"},"query-input":{"@type":"PropertyValueSpecification","valueRequired":true,"valueName":"search_term_string"}}],"inLanguage":"en-GB"}]}},"_links":{"self":[{"href":"https:\/\/ezathouse.sk\/en\/wp-json\/wp\/v2\/pages\/414","targetHints":{"allow":["GET"]}}],"collection":[{"href":"https:\/\/ezathouse.sk\/en\/wp-json\/wp\/v2\/pages"}],"about":[{"href":"https:\/\/ezathouse.sk\/en\/wp-json\/wp\/v2\/types\/page"}],"author":[{"embeddable":true,"href":"https:\/\/ezathouse.sk\/en\/wp-json\/wp\/v2\/users\/1"}],"replies":[{"embeddable":true,"href":"https:\/\/ezathouse.sk\/en\/wp-json\/wp\/v2\/comments?post=414"}],"version-history":[{"count":23,"href":"https:\/\/ezathouse.sk\/en\/wp-json\/wp\/v2\/pages\/414\/revisions"}],"predecessor-version":[{"id":823,"href":"https:\/\/ezathouse.sk\/en\/wp-json\/wp\/v2\/pages\/414\/revisions\/823"}],"wp:attachment":[{"href":"https:\/\/ezathouse.sk\/en\/wp-json\/wp\/v2\/media?parent=414"}],"curies":[{"name":"wp","href":"https:\/\/api.w.org\/{rel}","templated":true}]}}