{"id":430,"date":"2025-09-24T21:31:51","date_gmt":"2025-09-24T19:31:51","guid":{"rendered":"https:\/\/ezathouse.sk\/?page_id=430"},"modified":"2025-11-18T20:50:32","modified_gmt":"2025-11-18T19:50:32","slug":"hypoturistika","status":"publish","type":"page","link":"https:\/\/ezathouse.sk\/en\/hypoturistika\/","title":{"rendered":"Hypoturistika"},"content":{"rendered":"<div data-elementor-type=\"wp-page\" data-elementor-id=\"430\" class=\"elementor elementor-430\" data-elementor-post-type=\"page\">\n\t\t\t\t<div class=\"elementor-element elementor-element-b5f0d18 e-flex e-con-boxed e-con e-parent\" data-id=\"b5f0d18\" data-element_type=\"container\" data-settings=\"{&quot;background_background&quot;:&quot;classic&quot;}\">\n\t\t\t\t\t<div class=\"e-con-inner\">\n\t\t<div class=\"elementor-element elementor-element-755bc0e8 e-con-full e-flex e-con e-child\" data-id=\"755bc0e8\" data-element_type=\"container\">\n\t\t\t\t<div class=\"elementor-element elementor-element-40c44ae0 elementor-widget elementor-widget-heading\" data-id=\"40c44ae0\" data-element_type=\"widget\" data-widget_type=\"heading.default\">\n\t\t\t\t<div class=\"elementor-widget-container\">\n\t\t\t\t\t<h1 class=\"elementor-heading-title elementor-size-default\">Hypoturistika<\/h1>\t\t\t\t<\/div>\n\t\t\t\t<\/div>\n\t\t\t\t<\/div>\n\t\t\t\t\t<\/div>\n\t\t\t\t<\/div>\n\t\t<div class=\"elementor-element elementor-element-13a9e22f e-flex e-con-boxed e-con e-parent\" data-id=\"13a9e22f\" data-element_type=\"container\">\n\t\t\t\t\t<div class=\"e-con-inner\">\n\t\t\t\t<div class=\"elementor-element elementor-element-6469e9f elementor-widget elementor-widget-text-editor\" data-id=\"6469e9f\" data-element_type=\"widget\" data-widget_type=\"text-editor.default\">\n\t\t\t\t<div class=\"elementor-widget-container\">\n\t\t\t\t\t\t\t\t\t<h4><strong>Jazda na\u00a0koni s\u00a0in\u0161truktorom pre\u00a0deti aj\u00a0dospel\u00fdch<\/strong><\/h4><p class=\"p4\"><span class=\"s2\">Doprajte si oddych v\u00a0spolo\u010dnosti t\u00fdch najvzne\u0161enej\u0161\u00edch zvierat. Ve\u010f z\u00a0konsk\u00e9ho chrbta je svet kr\u00e1sny. <\/span><span class=\"s1\">Ezathouse ponuka jazdu na koni pre zaujemcov a hlavne deti. Pocas leta ale aj cez rok je mozne zajazdi\u0165 si na koni po Krupinskych lazoch a Stiavnickych vrchoch. Male kr\u00e1tke trasy ci hodinov\u00e9 jazdy su mo\u017en\u00e9 po vz\u00e1jomnej dohode.<\/span><\/p><p class=\"p6\"><span class=\"s1\"><b>Na\u00a0\u010cervenej Hore pred Krupinou<\/b> na\u00a0v\u00e1s \u010dakaj\u00fa kon\u00edky v\u0161etk\u00fdch farieb, ve\u013ekost\u00ed aj\u00a0osobnost\u00ed. Na\u00a0t\u00fdch najmen\u0161\u00edch kon\u00edkoch si m\u00f4\u017eu zajazdi\u0165\u00a0<b>deti u\u017e od\u00a04\u00a0do\u00a07\u00a0rokov<\/b>. Tie v\u00e4\u010d\u0161ie vezm\u00fa na\u00a0prech\u00e1dzku\u00a0<b>ml\u00e1de\u017e aj\u00a0dospel\u00fdch.<\/b>\u00a0Dotyk s\u00a0ko\u0148mi vpl\u00fdva pozit\u00edvne na\u00a0cel\u00e9 telo a\u00a0\u010dlovek si aj\u00a0touto cestou buduje pozit\u00edvny vz\u0165ah k\u00a0pr\u00edrode.<\/span><\/p><p class=\"p6\"><span class=\"s1\">Sprev\u00e1dza\u0165 v\u00e1s bude\u00a0<b>sk\u00fasen\u00fd in\u0161truktor<\/b>, ktor\u00fd v\u00e1m v\u0161etko vysvetl\u00ed. Te\u0161i\u0165 sa\u00a0m\u00f4\u017eete aj\u00a0na\u00a0<b>starostlivos\u0165 o\u00a0kon\u00edka, ktor\u00e1 zah\u0155\u0148a jeho \u010distenie a\u00a0hladkanie<\/b>. V\u00a0ponuke n\u00e1jdete jazdy v\u00a0trvan\u00ed 60\u00a0min\u00fat a\u00a0tie\u017e\u00a0<b>permanentku na\u00a05\u00a0lekci\u00ed.<\/b><b><\/b><\/span><\/p><p class=\"p4\"><span class=\"s1\">Cena jazdy: <strong>30 \u20ac<\/strong><\/span><\/p><p class=\"p4\"><span class=\"s1\">Kontakt: +421\u00a0918\u00a0962 403<\/span><\/p>\t\t\t\t\t\t\t\t<\/div>\n\t\t\t\t<\/div>\n\t\t\t\t\t<\/div>\n\t\t\t\t<\/div>\n\t\t<div class=\"elementor-element elementor-element-bceb0f7 e-flex e-con-boxed e-con e-parent\" data-id=\"bceb0f7\" data-element_type=\"container\">\n\t\t\t\t\t<div class=\"e-con-inner\">\n\t\t\t\t<div class=\"elementor-element elementor-element-ce4adc2 elementor-widget elementor-widget-gallery\" data-id=\"ce4adc2\" data-element_type=\"widget\" data-settings=\"{&quot;columns&quot;:3,&quot;lazyload&quot;:&quot;yes&quot;,&quot;gallery_layout&quot;:&quot;grid&quot;,&quot;columns_tablet&quot;:2,&quot;columns_mobile&quot;:1,&quot;gap&quot;:{&quot;unit&quot;:&quot;px&quot;,&quot;size&quot;:10,&quot;sizes&quot;:[]},&quot;gap_tablet&quot;:{&quot;unit&quot;:&quot;px&quot;,&quot;size&quot;:10,&quot;sizes&quot;:[]},&quot;gap_mobile&quot;:{&quot;unit&quot;:&quot;px&quot;,&quot;size&quot;:10,&quot;sizes&quot;:[]},&quot;link_to&quot;:&quot;file&quot;,&quot;aspect_ratio&quot;:&quot;3:2&quot;,&quot;overlay_background&quot;:&quot;yes&quot;,&quot;content_hover_animation&quot;:&quot;fade-in&quot;}\" data-widget_type=\"gallery.default\">\n\t\t\t\t<div class=\"elementor-widget-container\">\n\t\t\t\t\t\t\t<div class=\"elementor-gallery__container\">\n\t\t\t\t\t\t\t<a class=\"e-gallery-item elementor-gallery-item elementor-animated-content\" href=\"https:\/\/ezathouse.sk\/wp-content\/uploads\/2025\/09\/2.jpg\" data-elementor-open-lightbox=\"yes\" data-elementor-lightbox-slideshow=\"ce4adc2\" data-elementor-lightbox-title=\"2\" data-e-action-hash=\"#elementor-action%3Aaction%3Dlightbox%26settings%3DeyJpZCI6NDMyLCJ1cmwiOiJodHRwczpcL1wvZXphdGhvdXNlLnNrXC93cC1jb250ZW50XC91cGxvYWRzXC8yMDI1XC8wOVwvMi5qcGciLCJzbGlkZXNob3ciOiJjZTRhZGMyIn0%3D\">\n\t\t\t\t\t<div class=\"e-gallery-image elementor-gallery-item__image\" data-thumbnail=\"https:\/\/ezathouse.sk\/wp-content\/uploads\/2025\/09\/2-1536x1091.jpg\" data-width=\"1536\" data-height=\"1091\" aria-label=\"\" role=\"img\" ><\/div>\n\t\t\t\t\t\t\t\t\t\t\t<div class=\"elementor-gallery-item__overlay\"><\/div>\n\t\t\t\t\t\t\t\t\t\t\t\t\t\t<\/a>\n\t\t\t\t\t\t\t<a class=\"e-gallery-item elementor-gallery-item elementor-animated-content\" href=\"https:\/\/ezathouse.sk\/wp-content\/uploads\/2025\/09\/1-scaled.jpg\" data-elementor-open-lightbox=\"yes\" data-elementor-lightbox-slideshow=\"ce4adc2\" data-elementor-lightbox-title=\"1\" data-e-action-hash=\"#elementor-action%3Aaction%3Dlightbox%26settings%3DeyJpZCI6NDMzLCJ1cmwiOiJodHRwczpcL1wvZXphdGhvdXNlLnNrXC93cC1jb250ZW50XC91cGxvYWRzXC8yMDI1XC8wOVwvMS1zY2FsZWQuanBnIiwic2xpZGVzaG93IjoiY2U0YWRjMiJ9\">\n\t\t\t\t\t<div class=\"e-gallery-image elementor-gallery-item__image\" data-thumbnail=\"https:\/\/ezathouse.sk\/wp-content\/uploads\/2025\/09\/1-1536x1024.jpg\" data-width=\"1536\" data-height=\"1024\" aria-label=\"\" role=\"img\" ><\/div>\n\t\t\t\t\t\t\t\t\t\t\t<div class=\"elementor-gallery-item__overlay\"><\/div>\n\t\t\t\t\t\t\t\t\t\t\t\t\t\t<\/a>\n\t\t\t\t\t\t\t<a class=\"e-gallery-item elementor-gallery-item elementor-animated-content\" href=\"https:\/\/ezathouse.sk\/wp-content\/uploads\/2025\/09\/7.jpg\" data-elementor-open-lightbox=\"yes\" data-elementor-lightbox-slideshow=\"ce4adc2\" data-elementor-lightbox-title=\"7\" data-e-action-hash=\"#elementor-action%3Aaction%3Dlightbox%26settings%3DeyJpZCI6NDM0LCJ1cmwiOiJodHRwczpcL1wvZXphdGhvdXNlLnNrXC93cC1jb250ZW50XC91cGxvYWRzXC8yMDI1XC8wOVwvNy5qcGciLCJzbGlkZXNob3ciOiJjZTRhZGMyIn0%3D\">\n\t\t\t\t\t<div class=\"e-gallery-image elementor-gallery-item__image\" data-thumbnail=\"https:\/\/ezathouse.sk\/wp-content\/uploads\/2025\/09\/7-1536x1152.jpg\" data-width=\"1536\" data-height=\"1152\" aria-label=\"\" role=\"img\" ><\/div>\n\t\t\t\t\t\t\t\t\t\t\t<div class=\"elementor-gallery-item__overlay\"><\/div>\n\t\t\t\t\t\t\t\t\t\t\t\t\t\t<\/a>\n\t\t\t\t\t\t\t<a class=\"e-gallery-item elementor-gallery-item elementor-animated-content\" href=\"https:\/\/ezathouse.sk\/wp-content\/uploads\/2025\/09\/6.jpg\" data-elementor-open-lightbox=\"yes\" data-elementor-lightbox-slideshow=\"ce4adc2\" data-elementor-lightbox-title=\"6\" data-e-action-hash=\"#elementor-action%3Aaction%3Dlightbox%26settings%3DeyJpZCI6NDM1LCJ1cmwiOiJodHRwczpcL1wvZXphdGhvdXNlLnNrXC93cC1jb250ZW50XC91cGxvYWRzXC8yMDI1XC8wOVwvNi5qcGciLCJzbGlkZXNob3ciOiJjZTRhZGMyIn0%3D\">\n\t\t\t\t\t<div class=\"e-gallery-image elementor-gallery-item__image\" data-thumbnail=\"https:\/\/ezathouse.sk\/wp-content\/uploads\/2025\/09\/6-1536x1152.jpg\" data-width=\"1536\" data-height=\"1152\" aria-label=\"\" role=\"img\" ><\/div>\n\t\t\t\t\t\t\t\t\t\t\t<div class=\"elementor-gallery-item__overlay\"><\/div>\n\t\t\t\t\t\t\t\t\t\t\t\t\t\t<\/a>\n\t\t\t\t\t\t\t<a class=\"e-gallery-item elementor-gallery-item elementor-animated-content\" href=\"https:\/\/ezathouse.sk\/wp-content\/uploads\/2025\/09\/3.jpg\" data-elementor-open-lightbox=\"yes\" data-elementor-lightbox-slideshow=\"ce4adc2\" data-elementor-lightbox-title=\"3\" data-e-action-hash=\"#elementor-action%3Aaction%3Dlightbox%26settings%3DeyJpZCI6NDM2LCJ1cmwiOiJodHRwczpcL1wvZXphdGhvdXNlLnNrXC93cC1jb250ZW50XC91cGxvYWRzXC8yMDI1XC8wOVwvMy5qcGciLCJzbGlkZXNob3ciOiJjZTRhZGMyIn0%3D\">\n\t\t\t\t\t<div class=\"e-gallery-image elementor-gallery-item__image\" data-thumbnail=\"https:\/\/ezathouse.sk\/wp-content\/uploads\/2025\/09\/3-1536x1152.jpg\" data-width=\"1536\" data-height=\"1152\" aria-label=\"\" role=\"img\" ><\/div>\n\t\t\t\t\t\t\t\t\t\t\t<div class=\"elementor-gallery-item__overlay\"><\/div>\n\t\t\t\t\t\t\t\t\t\t\t\t\t\t<\/a>\n\t\t\t\t\t\t\t<a class=\"e-gallery-item elementor-gallery-item elementor-animated-content\" href=\"https:\/\/ezathouse.sk\/wp-content\/uploads\/2025\/09\/5.jpg\" data-elementor-open-lightbox=\"yes\" data-elementor-lightbox-slideshow=\"ce4adc2\" data-elementor-lightbox-title=\"5\" data-e-action-hash=\"#elementor-action%3Aaction%3Dlightbox%26settings%3DeyJpZCI6NDM3LCJ1cmwiOiJodHRwczpcL1wvZXphdGhvdXNlLnNrXC93cC1jb250ZW50XC91cGxvYWRzXC8yMDI1XC8wOVwvNS5qcGciLCJzbGlkZXNob3ciOiJjZTRhZGMyIn0%3D\">\n\t\t\t\t\t<div class=\"e-gallery-image elementor-gallery-item__image\" data-thumbnail=\"https:\/\/ezathouse.sk\/wp-content\/uploads\/2025\/09\/5-1152x1536.jpg\" data-width=\"1152\" data-height=\"1536\" aria-label=\"\" role=\"img\" ><\/div>\n\t\t\t\t\t\t\t\t\t\t\t<div class=\"elementor-gallery-item__overlay\"><\/div>\n\t\t\t\t\t\t\t\t\t\t\t\t\t\t<\/a>\n\t\t\t\t\t\t\t<a class=\"e-gallery-item elementor-gallery-item elementor-animated-content\" href=\"https:\/\/ezathouse.sk\/wp-content\/uploads\/2025\/09\/4.jpg\" data-elementor-open-lightbox=\"yes\" data-elementor-lightbox-slideshow=\"ce4adc2\" data-elementor-lightbox-title=\"4\" data-e-action-hash=\"#elementor-action%3Aaction%3Dlightbox%26settings%3DeyJpZCI6NDM4LCJ1cmwiOiJodHRwczpcL1wvZXphdGhvdXNlLnNrXC93cC1jb250ZW50XC91cGxvYWRzXC8yMDI1XC8wOVwvNC5qcGciLCJzbGlkZXNob3ciOiJjZTRhZGMyIn0%3D\">\n\t\t\t\t\t<div class=\"e-gallery-image elementor-gallery-item__image\" data-thumbnail=\"https:\/\/ezathouse.sk\/wp-content\/uploads\/2025\/09\/4-1146x1536.jpg\" data-width=\"1146\" data-height=\"1536\" aria-label=\"\" role=\"img\" ><\/div>\n\t\t\t\t\t\t\t\t\t\t\t<div class=\"elementor-gallery-item__overlay\"><\/div>\n\t\t\t\t\t\t\t\t\t\t\t\t\t\t<\/a>\n\t\t\t\t\t<\/div>\n\t\t\t\t\t<\/div>\n\t\t\t\t<\/div>\n\t\t\t\t\t<\/div>\n\t\t\t\t<\/div>\n\t\t\t\t<\/div>","protected":false},"excerpt":{"rendered":"<p>Hypoturistika Jazda na\u00a0koni s\u00a0in\u0161truktorom pre\u00a0deti aj\u00a0dospel\u00fdch Doprajte si oddych v\u00a0spolo\u010dnosti t\u00fdch najvzne\u0161enej\u0161\u00edch zvierat. Ve\u010f z\u00a0konsk\u00e9ho chrbta je svet kr\u00e1sny. Ezathouse ponuka jazdu na koni pre zaujemcov a hlavne deti. Pocas leta ale aj cez rok je mozne zajazdi\u0165 si na koni po Krupinskych lazoch a Stiavnickych vrchoch. Male kr\u00e1tke trasy ci hodinov\u00e9 jazdy su mo\u017en\u00e9 [&hellip;]<\/p>","protected":false},"author":1,"featured_media":0,"parent":0,"menu_order":0,"comment_status":"closed","ping_status":"closed","template":"elementor_header_footer","meta":{"footnotes":""},"class_list":["post-430","page","type-page","status-publish","hentry"],"yoast_head":"<!-- This site is optimized with the Yoast SEO plugin v24.4 - https:\/\/yoast.com\/wordpress\/plugins\/seo\/ -->\n<title>Hypoturistika - Ezathouse Devi\u010die<\/title>\n<meta name=\"robots\" content=\"index, follow, max-snippet:-1, max-image-preview:large, max-video-preview:-1\" \/>\n<link rel=\"canonical\" href=\"https:\/\/ezathouse.sk\/en\/hypoturistika\/\" \/>\n<meta property=\"og:locale\" content=\"en_GB\" \/>\n<meta property=\"og:type\" content=\"article\" \/>\n<meta property=\"og:title\" content=\"Hypoturistika - Ezathouse Devi\u010die\" \/>\n<meta property=\"og:description\" content=\"Hypoturistika Jazda na\u00a0koni s\u00a0in\u0161truktorom pre\u00a0deti aj\u00a0dospel\u00fdch Doprajte si oddych v\u00a0spolo\u010dnosti t\u00fdch najvzne\u0161enej\u0161\u00edch zvierat. Ve\u010f z\u00a0konsk\u00e9ho chrbta je svet kr\u00e1sny. Ezathouse ponuka jazdu na koni pre zaujemcov a hlavne deti. Pocas leta ale aj cez rok je mozne zajazdi\u0165 si na koni po Krupinskych lazoch a Stiavnickych vrchoch. Male kr\u00e1tke trasy ci hodinov\u00e9 jazdy su mo\u017en\u00e9 [&hellip;]\" \/>\n<meta property=\"og:url\" content=\"https:\/\/ezathouse.sk\/en\/hypoturistika\/\" \/>\n<meta property=\"og:site_name\" content=\"Ezathouse Devi\u010die\" \/>\n<meta property=\"article:modified_time\" content=\"2025-11-18T19:50:32+00:00\" \/>\n<meta name=\"twitter:card\" content=\"summary_large_image\" \/>\n<meta name=\"twitter:label1\" content=\"Estimated reading time\" \/>\n\t<meta name=\"twitter:data1\" content=\"1 minute\" \/>\n<script type=\"application\/ld+json\" class=\"yoast-schema-graph\">{\"@context\":\"https:\/\/schema.org\",\"@graph\":[{\"@type\":\"WebPage\",\"@id\":\"https:\/\/ezathouse.sk\/hypoturistika\/\",\"url\":\"https:\/\/ezathouse.sk\/hypoturistika\/\",\"name\":\"Hypoturistika - Ezathouse Devi\u010die\",\"isPartOf\":{\"@id\":\"https:\/\/ezathouse.sk\/#website\"},\"datePublished\":\"2025-09-24T19:31:51+00:00\",\"dateModified\":\"2025-11-18T19:50:32+00:00\",\"breadcrumb\":{\"@id\":\"https:\/\/ezathouse.sk\/hypoturistika\/#breadcrumb\"},\"inLanguage\":\"en-GB\",\"potentialAction\":[{\"@type\":\"ReadAction\",\"target\":[\"https:\/\/ezathouse.sk\/hypoturistika\/\"]}]},{\"@type\":\"BreadcrumbList\",\"@id\":\"https:\/\/ezathouse.sk\/hypoturistika\/#breadcrumb\",\"itemListElement\":[{\"@type\":\"ListItem\",\"position\":1,\"name\":\"Domovsk\u00e1 str\u00e1nka\",\"item\":\"https:\/\/ezathouse.sk\/\"},{\"@type\":\"ListItem\",\"position\":2,\"name\":\"Hypoturistika\"}]},{\"@type\":\"WebSite\",\"@id\":\"https:\/\/ezathouse.sk\/#website\",\"url\":\"https:\/\/ezathouse.sk\/\",\"name\":\"Ezathouse Devi\u010die\",\"description\":\"\",\"potentialAction\":[{\"@type\":\"SearchAction\",\"target\":{\"@type\":\"EntryPoint\",\"urlTemplate\":\"https:\/\/ezathouse.sk\/?s={search_term_string}\"},\"query-input\":{\"@type\":\"PropertyValueSpecification\",\"valueRequired\":true,\"valueName\":\"search_term_string\"}}],\"inLanguage\":\"en-GB\"}]}<\/script>\n<!-- \/ Yoast SEO plugin. -->","yoast_head_json":{"title":"Hypoturistika - Ezathouse Devi\u010die","robots":{"index":"index","follow":"follow","max-snippet":"max-snippet:-1","max-image-preview":"max-image-preview:large","max-video-preview":"max-video-preview:-1"},"canonical":"https:\/\/ezathouse.sk\/en\/hypoturistika\/","og_locale":"en_GB","og_type":"article","og_title":"Hypoturistika - Ezathouse Devi\u010die","og_description":"Hypoturistika Jazda na\u00a0koni s\u00a0in\u0161truktorom pre\u00a0deti aj\u00a0dospel\u00fdch Doprajte si oddych v\u00a0spolo\u010dnosti t\u00fdch najvzne\u0161enej\u0161\u00edch zvierat. Ve\u010f z\u00a0konsk\u00e9ho chrbta je svet kr\u00e1sny. Ezathouse ponuka jazdu na koni pre zaujemcov a hlavne deti. Pocas leta ale aj cez rok je mozne zajazdi\u0165 si na koni po Krupinskych lazoch a Stiavnickych vrchoch. Male kr\u00e1tke trasy ci hodinov\u00e9 jazdy su mo\u017en\u00e9 [&hellip;]","og_url":"https:\/\/ezathouse.sk\/en\/hypoturistika\/","og_site_name":"Ezathouse Devi\u010die","article_modified_time":"2025-11-18T19:50:32+00:00","twitter_card":"summary_large_image","twitter_misc":{"Estimated reading time":"1 minute"},"schema":{"@context":"https:\/\/schema.org","@graph":[{"@type":"WebPage","@id":"https:\/\/ezathouse.sk\/hypoturistika\/","url":"https:\/\/ezathouse.sk\/hypoturistika\/","name":"Hypoturistika - Ezathouse Devi\u010die","isPartOf":{"@id":"https:\/\/ezathouse.sk\/#website"},"datePublished":"2025-09-24T19:31:51+00:00","dateModified":"2025-11-18T19:50:32+00:00","breadcrumb":{"@id":"https:\/\/ezathouse.sk\/hypoturistika\/#breadcrumb"},"inLanguage":"en-GB","potentialAction":[{"@type":"ReadAction","target":["https:\/\/ezathouse.sk\/hypoturistika\/"]}]},{"@type":"BreadcrumbList","@id":"https:\/\/ezathouse.sk\/hypoturistika\/#breadcrumb","itemListElement":[{"@type":"ListItem","position":1,"name":"Domovsk\u00e1 str\u00e1nka","item":"https:\/\/ezathouse.sk\/"},{"@type":"ListItem","position":2,"name":"Hypoturistika"}]},{"@type":"WebSite","@id":"https:\/\/ezathouse.sk\/#website","url":"https:\/\/ezathouse.sk\/","name":"Ezathouse Devi\u010die","description":"","potentialAction":[{"@type":"SearchAction","target":{"@type":"EntryPoint","urlTemplate":"https:\/\/ezathouse.sk\/?s={search_term_string}"},"query-input":{"@type":"PropertyValueSpecification","valueRequired":true,"valueName":"search_term_string"}}],"inLanguage":"en-GB"}]}},"_links":{"self":[{"href":"https:\/\/ezathouse.sk\/en\/wp-json\/wp\/v2\/pages\/430","targetHints":{"allow":["GET"]}}],"collection":[{"href":"https:\/\/ezathouse.sk\/en\/wp-json\/wp\/v2\/pages"}],"about":[{"href":"https:\/\/ezathouse.sk\/en\/wp-json\/wp\/v2\/types\/page"}],"author":[{"embeddable":true,"href":"https:\/\/ezathouse.sk\/en\/wp-json\/wp\/v2\/users\/1"}],"replies":[{"embeddable":true,"href":"https:\/\/ezathouse.sk\/en\/wp-json\/wp\/v2\/comments?post=430"}],"version-history":[{"count":17,"href":"https:\/\/ezathouse.sk\/en\/wp-json\/wp\/v2\/pages\/430\/revisions"}],"predecessor-version":[{"id":812,"href":"https:\/\/ezathouse.sk\/en\/wp-json\/wp\/v2\/pages\/430\/revisions\/812"}],"wp:attachment":[{"href":"https:\/\/ezathouse.sk\/en\/wp-json\/wp\/v2\/media?parent=430"}],"curies":[{"name":"wp","href":"https:\/\/api.w.org\/{rel}","templated":true}]}}