{"id":467,"date":"2025-09-25T19:15:21","date_gmt":"2025-09-25T17:15:21","guid":{"rendered":"https:\/\/ezathouse.sk\/?page_id=467"},"modified":"2025-11-18T20:48:11","modified_gmt":"2025-11-18T19:48:11","slug":"gastro","status":"publish","type":"page","link":"https:\/\/ezathouse.sk\/en\/gastro\/","title":{"rendered":"Gastro"},"content":{"rendered":"<div data-elementor-type=\"wp-page\" data-elementor-id=\"467\" class=\"elementor elementor-467\" data-elementor-post-type=\"page\">\n\t\t\t\t<div class=\"elementor-element elementor-element-b5f0d18 e-flex e-con-boxed e-con e-parent\" data-id=\"b5f0d18\" data-element_type=\"container\" data-settings=\"{&quot;background_background&quot;:&quot;classic&quot;}\">\n\t\t\t\t\t<div class=\"e-con-inner\">\n\t\t<div class=\"elementor-element elementor-element-755bc0e8 e-con-full e-flex e-con e-child\" data-id=\"755bc0e8\" data-element_type=\"container\">\n\t\t\t\t<div class=\"elementor-element elementor-element-40c44ae0 elementor-widget elementor-widget-heading\" data-id=\"40c44ae0\" data-element_type=\"widget\" data-widget_type=\"heading.default\">\n\t\t\t\t<div class=\"elementor-widget-container\">\n\t\t\t\t\t<h1 class=\"elementor-heading-title elementor-size-default\">Gastro<\/h1>\t\t\t\t<\/div>\n\t\t\t\t<\/div>\n\t\t\t\t<\/div>\n\t\t\t\t\t<\/div>\n\t\t\t\t<\/div>\n\t\t<div class=\"elementor-element elementor-element-13a9e22f e-flex e-con-boxed e-con e-parent\" data-id=\"13a9e22f\" data-element_type=\"container\">\n\t\t\t\t\t<div class=\"e-con-inner\">\n\t\t\t\t<div class=\"elementor-element elementor-element-5ed5514 elementor-widget elementor-widget-text-editor\" data-id=\"5ed5514\" data-element_type=\"widget\" data-widget_type=\"text-editor.default\">\n\t\t\t\t<div class=\"elementor-widget-container\">\n\t\t\t\t\t\t\t\t\t<h4><strong>Prk\u00ednko<\/strong><\/h4><p>Prk\u00ednko Ezathouse pre 12 os\u00f4b od 130 EUR<\/p><p>Koryto pln\u00e9 pochut\u00edn, 4 druhy masa, masov\u00e9 v\u00fdrobky, syry, zelenina, ry\u017ea, opekan\u00e9 zemiaky.<\/p><p>Ka\u010dacia misa s lok\u0161ami pre 6 os\u00f4b od 130 EUR<\/p><p>V\u00ednna degust\u00e1cia 6 druhov v\u00edn z Hontu\u00a0+ misa s ob\u010derstven\u00edm od 20 EUR\/1Os.<\/p><p>Presn\u00fa kalkul\u00e1ciu ceny dod\u00e1me na z\u00e1klade z\u00e1v\u00e4znej objedn\u00e1vky.<br \/>\u00a0<\/p><h4><strong>V\u00fd\u010dap<\/strong><\/h4><p>Po\u010das letnej sez\u00f3ny v pr\u00edpade plnej obsadenosti sa \u010dapuje pivo a kofola. V pr\u00edpade medzisez\u00f3ny\u00a0a obsadenia obejktu sukromnou skupinou je mo\u017ene objedna\u0165 cel\u00fd sud piva a hostia\u00a0si obsluhuj\u00fa v\u00fd\u010dap samostatne. Zabezpe\u010dujeme druhy p\u00edv\u00a0Pilsner Urquell, Svijany, Bernard, Radegast.<br \/><br \/>Cenu sudu V\u00e1m nacen\u00edme pod\u013ea z\u00e1v\u00e4znej obejdn\u00e1vky.<\/p>\t\t\t\t\t\t\t\t<\/div>\n\t\t\t\t<\/div>\n\t\t\t\t<div class=\"elementor-element elementor-element-2da4ac6 elementor-widget elementor-widget-gallery\" data-id=\"2da4ac6\" data-element_type=\"widget\" data-settings=\"{&quot;lazyload&quot;:&quot;yes&quot;,&quot;gallery_layout&quot;:&quot;grid&quot;,&quot;columns&quot;:4,&quot;columns_tablet&quot;:2,&quot;columns_mobile&quot;:1,&quot;gap&quot;:{&quot;unit&quot;:&quot;px&quot;,&quot;size&quot;:10,&quot;sizes&quot;:[]},&quot;gap_tablet&quot;:{&quot;unit&quot;:&quot;px&quot;,&quot;size&quot;:10,&quot;sizes&quot;:[]},&quot;gap_mobile&quot;:{&quot;unit&quot;:&quot;px&quot;,&quot;size&quot;:10,&quot;sizes&quot;:[]},&quot;link_to&quot;:&quot;file&quot;,&quot;aspect_ratio&quot;:&quot;3:2&quot;,&quot;overlay_background&quot;:&quot;yes&quot;,&quot;content_hover_animation&quot;:&quot;fade-in&quot;}\" data-widget_type=\"gallery.default\">\n\t\t\t\t<div class=\"elementor-widget-container\">\n\t\t\t\t\t\t\t<div class=\"elementor-gallery__container\">\n\t\t\t\t\t\t\t<a class=\"e-gallery-item elementor-gallery-item elementor-animated-content\" href=\"https:\/\/ezathouse.sk\/wp-content\/uploads\/2025\/09\/prkno.jpg\" data-elementor-open-lightbox=\"yes\" data-elementor-lightbox-slideshow=\"2da4ac6\" data-elementor-lightbox-title=\"prkno\" data-e-action-hash=\"#elementor-action%3Aaction%3Dlightbox%26settings%3DeyJpZCI6MzcyLCJ1cmwiOiJodHRwczpcL1wvZXphdGhvdXNlLnNrXC93cC1jb250ZW50XC91cGxvYWRzXC8yMDI1XC8wOVwvcHJrbm8uanBnIiwic2xpZGVzaG93IjoiMmRhNGFjNiJ9\">\n\t\t\t\t\t<div class=\"e-gallery-image elementor-gallery-item__image\" data-thumbnail=\"https:\/\/ezathouse.sk\/wp-content\/uploads\/2025\/09\/prkno.jpg\" data-width=\"1536\" data-height=\"2048\" aria-label=\"\" role=\"img\" ><\/div>\n\t\t\t\t\t\t\t\t\t\t\t<div class=\"elementor-gallery-item__overlay\"><\/div>\n\t\t\t\t\t\t\t\t\t\t\t\t\t\t<\/a>\n\t\t\t\t\t\t\t<a class=\"e-gallery-item elementor-gallery-item elementor-animated-content\" href=\"https:\/\/ezathouse.sk\/wp-content\/uploads\/2025\/09\/vycap.jpg\" data-elementor-open-lightbox=\"yes\" data-elementor-lightbox-slideshow=\"2da4ac6\" data-elementor-lightbox-title=\"vy\u0301c\u030cap\" data-e-action-hash=\"#elementor-action%3Aaction%3Dlightbox%26settings%3DeyJpZCI6MzczLCJ1cmwiOiJodHRwczpcL1wvZXphdGhvdXNlLnNrXC93cC1jb250ZW50XC91cGxvYWRzXC8yMDI1XC8wOVwvdnljYXAuanBnIiwic2xpZGVzaG93IjoiMmRhNGFjNiJ9\">\n\t\t\t\t\t<div class=\"e-gallery-image elementor-gallery-item__image\" data-thumbnail=\"https:\/\/ezathouse.sk\/wp-content\/uploads\/2025\/09\/vycap.jpg\" data-width=\"960\" data-height=\"720\" aria-label=\"\" role=\"img\" ><\/div>\n\t\t\t\t\t\t\t\t\t\t\t<div class=\"elementor-gallery-item__overlay\"><\/div>\n\t\t\t\t\t\t\t\t\t\t\t\t\t\t<\/a>\n\t\t\t\t\t\t\t<a class=\"e-gallery-item elementor-gallery-item elementor-animated-content\" href=\"https:\/\/ezathouse.sk\/wp-content\/uploads\/2025\/09\/vycap-2.jpg\" data-elementor-open-lightbox=\"yes\" data-elementor-lightbox-slideshow=\"2da4ac6\" data-elementor-lightbox-title=\"vy\u0301c\u030cap 2\" data-e-action-hash=\"#elementor-action%3Aaction%3Dlightbox%26settings%3DeyJpZCI6Mzc0LCJ1cmwiOiJodHRwczpcL1wvZXphdGhvdXNlLnNrXC93cC1jb250ZW50XC91cGxvYWRzXC8yMDI1XC8wOVwvdnljYXAtMi5qcGciLCJzbGlkZXNob3ciOiIyZGE0YWM2In0%3D\">\n\t\t\t\t\t<div class=\"e-gallery-image elementor-gallery-item__image\" data-thumbnail=\"https:\/\/ezathouse.sk\/wp-content\/uploads\/2025\/09\/vycap-2.jpg\" data-width=\"720\" data-height=\"960\" aria-label=\"\" role=\"img\" ><\/div>\n\t\t\t\t\t\t\t\t\t\t\t<div class=\"elementor-gallery-item__overlay\"><\/div>\n\t\t\t\t\t\t\t\t\t\t\t\t\t\t<\/a>\n\t\t\t\t\t\t\t<a class=\"e-gallery-item elementor-gallery-item elementor-animated-content\" href=\"https:\/\/ezathouse.sk\/wp-content\/uploads\/2025\/09\/vycap-3.jpg\" data-elementor-open-lightbox=\"yes\" data-elementor-lightbox-slideshow=\"2da4ac6\" data-elementor-lightbox-title=\"vy\u0301c\u030cap 3\" data-e-action-hash=\"#elementor-action%3Aaction%3Dlightbox%26settings%3DeyJpZCI6Mzc1LCJ1cmwiOiJodHRwczpcL1wvZXphdGhvdXNlLnNrXC93cC1jb250ZW50XC91cGxvYWRzXC8yMDI1XC8wOVwvdnljYXAtMy5qcGciLCJzbGlkZXNob3ciOiIyZGE0YWM2In0%3D\">\n\t\t\t\t\t<div class=\"e-gallery-image elementor-gallery-item__image\" data-thumbnail=\"https:\/\/ezathouse.sk\/wp-content\/uploads\/2025\/09\/vycap-3.jpg\" data-width=\"720\" data-height=\"960\" aria-label=\"\" role=\"img\" ><\/div>\n\t\t\t\t\t\t\t\t\t\t\t<div class=\"elementor-gallery-item__overlay\"><\/div>\n\t\t\t\t\t\t\t\t\t\t\t\t\t\t<\/a>\n\t\t\t\t\t<\/div>\n\t\t\t\t\t<\/div>\n\t\t\t\t<\/div>\n\t\t\t\t\t<\/div>\n\t\t\t\t<\/div>\n\t\t\t\t<\/div>","protected":false},"excerpt":{"rendered":"<p>Gastro Prk\u00ednko Prk\u00ednko Ezathouse pre 12 os\u00f4b od 130 EUR Koryto pln\u00e9 pochut\u00edn, 4 druhy masa, masov\u00e9 v\u00fdrobky, syry, zelenina, ry\u017ea, opekan\u00e9 zemiaky. Ka\u010dacia misa s lok\u0161ami pre 6 os\u00f4b od 130 EUR V\u00ednna degust\u00e1cia 6 druhov v\u00edn z Hontu\u00a0+ misa s ob\u010derstven\u00edm od 20 EUR\/1Os. Presn\u00fa kalkul\u00e1ciu ceny dod\u00e1me na z\u00e1klade z\u00e1v\u00e4znej objedn\u00e1vky. V\u00fd\u010dap [&hellip;]<\/p>","protected":false},"author":1,"featured_media":0,"parent":0,"menu_order":0,"comment_status":"closed","ping_status":"closed","template":"elementor_header_footer","meta":{"footnotes":""},"class_list":["post-467","page","type-page","status-publish","hentry"],"yoast_head":"<!-- This site is optimized with the Yoast SEO plugin v24.4 - https:\/\/yoast.com\/wordpress\/plugins\/seo\/ -->\n<title>Gastro - Ezathouse Devi\u010die<\/title>\n<meta name=\"robots\" content=\"index, follow, max-snippet:-1, max-image-preview:large, max-video-preview:-1\" \/>\n<link rel=\"canonical\" href=\"https:\/\/ezathouse.sk\/en\/gastro\/\" \/>\n<meta property=\"og:locale\" content=\"en_GB\" \/>\n<meta property=\"og:type\" content=\"article\" \/>\n<meta property=\"og:title\" content=\"Gastro - Ezathouse Devi\u010die\" \/>\n<meta property=\"og:description\" content=\"Gastro Prk\u00ednko Prk\u00ednko Ezathouse pre 12 os\u00f4b od 130 EUR Koryto pln\u00e9 pochut\u00edn, 4 druhy masa, masov\u00e9 v\u00fdrobky, syry, zelenina, ry\u017ea, opekan\u00e9 zemiaky. Ka\u010dacia misa s lok\u0161ami pre 6 os\u00f4b od 130 EUR V\u00ednna degust\u00e1cia 6 druhov v\u00edn z Hontu\u00a0+ misa s ob\u010derstven\u00edm od 20 EUR\/1Os. Presn\u00fa kalkul\u00e1ciu ceny dod\u00e1me na z\u00e1klade z\u00e1v\u00e4znej objedn\u00e1vky. V\u00fd\u010dap [&hellip;]\" \/>\n<meta property=\"og:url\" content=\"https:\/\/ezathouse.sk\/en\/gastro\/\" \/>\n<meta property=\"og:site_name\" content=\"Ezathouse Devi\u010die\" \/>\n<meta property=\"article:modified_time\" content=\"2025-11-18T19:48:11+00:00\" \/>\n<meta name=\"twitter:card\" content=\"summary_large_image\" \/>\n<meta name=\"twitter:label1\" content=\"Estimated reading time\" \/>\n\t<meta name=\"twitter:data1\" content=\"1 minute\" \/>\n<script type=\"application\/ld+json\" class=\"yoast-schema-graph\">{\"@context\":\"https:\/\/schema.org\",\"@graph\":[{\"@type\":\"WebPage\",\"@id\":\"https:\/\/ezathouse.sk\/gastro\/\",\"url\":\"https:\/\/ezathouse.sk\/gastro\/\",\"name\":\"Gastro - Ezathouse Devi\u010die\",\"isPartOf\":{\"@id\":\"https:\/\/ezathouse.sk\/#website\"},\"datePublished\":\"2025-09-25T17:15:21+00:00\",\"dateModified\":\"2025-11-18T19:48:11+00:00\",\"breadcrumb\":{\"@id\":\"https:\/\/ezathouse.sk\/gastro\/#breadcrumb\"},\"inLanguage\":\"en-GB\",\"potentialAction\":[{\"@type\":\"ReadAction\",\"target\":[\"https:\/\/ezathouse.sk\/gastro\/\"]}]},{\"@type\":\"BreadcrumbList\",\"@id\":\"https:\/\/ezathouse.sk\/gastro\/#breadcrumb\",\"itemListElement\":[{\"@type\":\"ListItem\",\"position\":1,\"name\":\"Domovsk\u00e1 str\u00e1nka\",\"item\":\"https:\/\/ezathouse.sk\/\"},{\"@type\":\"ListItem\",\"position\":2,\"name\":\"Gastro\"}]},{\"@type\":\"WebSite\",\"@id\":\"https:\/\/ezathouse.sk\/#website\",\"url\":\"https:\/\/ezathouse.sk\/\",\"name\":\"Ezathouse Devi\u010die\",\"description\":\"\",\"potentialAction\":[{\"@type\":\"SearchAction\",\"target\":{\"@type\":\"EntryPoint\",\"urlTemplate\":\"https:\/\/ezathouse.sk\/?s={search_term_string}\"},\"query-input\":{\"@type\":\"PropertyValueSpecification\",\"valueRequired\":true,\"valueName\":\"search_term_string\"}}],\"inLanguage\":\"en-GB\"}]}<\/script>\n<!-- \/ Yoast SEO plugin. -->","yoast_head_json":{"title":"Gastro - Ezathouse Devi\u010die","robots":{"index":"index","follow":"follow","max-snippet":"max-snippet:-1","max-image-preview":"max-image-preview:large","max-video-preview":"max-video-preview:-1"},"canonical":"https:\/\/ezathouse.sk\/en\/gastro\/","og_locale":"en_GB","og_type":"article","og_title":"Gastro - Ezathouse Devi\u010die","og_description":"Gastro Prk\u00ednko Prk\u00ednko Ezathouse pre 12 os\u00f4b od 130 EUR Koryto pln\u00e9 pochut\u00edn, 4 druhy masa, masov\u00e9 v\u00fdrobky, syry, zelenina, ry\u017ea, opekan\u00e9 zemiaky. Ka\u010dacia misa s lok\u0161ami pre 6 os\u00f4b od 130 EUR V\u00ednna degust\u00e1cia 6 druhov v\u00edn z Hontu\u00a0+ misa s ob\u010derstven\u00edm od 20 EUR\/1Os. Presn\u00fa kalkul\u00e1ciu ceny dod\u00e1me na z\u00e1klade z\u00e1v\u00e4znej objedn\u00e1vky. V\u00fd\u010dap [&hellip;]","og_url":"https:\/\/ezathouse.sk\/en\/gastro\/","og_site_name":"Ezathouse Devi\u010die","article_modified_time":"2025-11-18T19:48:11+00:00","twitter_card":"summary_large_image","twitter_misc":{"Estimated reading time":"1 minute"},"schema":{"@context":"https:\/\/schema.org","@graph":[{"@type":"WebPage","@id":"https:\/\/ezathouse.sk\/gastro\/","url":"https:\/\/ezathouse.sk\/gastro\/","name":"Gastro - Ezathouse Devi\u010die","isPartOf":{"@id":"https:\/\/ezathouse.sk\/#website"},"datePublished":"2025-09-25T17:15:21+00:00","dateModified":"2025-11-18T19:48:11+00:00","breadcrumb":{"@id":"https:\/\/ezathouse.sk\/gastro\/#breadcrumb"},"inLanguage":"en-GB","potentialAction":[{"@type":"ReadAction","target":["https:\/\/ezathouse.sk\/gastro\/"]}]},{"@type":"BreadcrumbList","@id":"https:\/\/ezathouse.sk\/gastro\/#breadcrumb","itemListElement":[{"@type":"ListItem","position":1,"name":"Domovsk\u00e1 str\u00e1nka","item":"https:\/\/ezathouse.sk\/"},{"@type":"ListItem","position":2,"name":"Gastro"}]},{"@type":"WebSite","@id":"https:\/\/ezathouse.sk\/#website","url":"https:\/\/ezathouse.sk\/","name":"Ezathouse Devi\u010die","description":"","potentialAction":[{"@type":"SearchAction","target":{"@type":"EntryPoint","urlTemplate":"https:\/\/ezathouse.sk\/?s={search_term_string}"},"query-input":{"@type":"PropertyValueSpecification","valueRequired":true,"valueName":"search_term_string"}}],"inLanguage":"en-GB"}]}},"_links":{"self":[{"href":"https:\/\/ezathouse.sk\/en\/wp-json\/wp\/v2\/pages\/467","targetHints":{"allow":["GET"]}}],"collection":[{"href":"https:\/\/ezathouse.sk\/en\/wp-json\/wp\/v2\/pages"}],"about":[{"href":"https:\/\/ezathouse.sk\/en\/wp-json\/wp\/v2\/types\/page"}],"author":[{"embeddable":true,"href":"https:\/\/ezathouse.sk\/en\/wp-json\/wp\/v2\/users\/1"}],"replies":[{"embeddable":true,"href":"https:\/\/ezathouse.sk\/en\/wp-json\/wp\/v2\/comments?post=467"}],"version-history":[{"count":3,"href":"https:\/\/ezathouse.sk\/en\/wp-json\/wp\/v2\/pages\/467\/revisions"}],"predecessor-version":[{"id":809,"href":"https:\/\/ezathouse.sk\/en\/wp-json\/wp\/v2\/pages\/467\/revisions\/809"}],"wp:attachment":[{"href":"https:\/\/ezathouse.sk\/en\/wp-json\/wp\/v2\/media?parent=467"}],"curies":[{"name":"wp","href":"https:\/\/api.w.org\/{rel}","templated":true}]}}