{"id":514,"date":"2025-09-25T19:27:19","date_gmt":"2025-09-25T17:27:19","guid":{"rendered":"https:\/\/ezathouse.sk\/?page_id=514"},"modified":"2025-11-18T20:55:35","modified_gmt":"2025-11-18T19:55:35","slug":"rezervacia","status":"publish","type":"page","link":"https:\/\/ezathouse.sk\/en\/rezervacia\/","title":{"rendered":"Rezerv\u00e1cia"},"content":{"rendered":"<div data-elementor-type=\"wp-page\" data-elementor-id=\"514\" class=\"elementor elementor-514\" data-elementor-post-type=\"page\">\n\t\t\t\t<div class=\"elementor-element elementor-element-b5f0d18 e-flex e-con-boxed e-con e-parent\" data-id=\"b5f0d18\" data-element_type=\"container\" data-settings=\"{&quot;background_background&quot;:&quot;classic&quot;}\">\n\t\t\t\t\t<div class=\"e-con-inner\">\n\t\t<div class=\"elementor-element elementor-element-755bc0e8 e-con-full e-flex e-con e-child\" data-id=\"755bc0e8\" data-element_type=\"container\">\n\t\t\t\t<div class=\"elementor-element elementor-element-40c44ae0 elementor-widget elementor-widget-heading\" data-id=\"40c44ae0\" data-element_type=\"widget\" data-widget_type=\"heading.default\">\n\t\t\t\t<div class=\"elementor-widget-container\">\n\t\t\t\t\t<h1 class=\"elementor-heading-title elementor-size-default\">Rezerv\u00e1cia<\/h1>\t\t\t\t<\/div>\n\t\t\t\t<\/div>\n\t\t\t\t<\/div>\n\t\t\t\t\t<\/div>\n\t\t\t\t<\/div>\n\t\t<div class=\"elementor-element elementor-element-9b3120c e-flex e-con-boxed e-con e-parent\" data-id=\"9b3120c\" data-element_type=\"container\">\n\t\t\t\t\t<div class=\"e-con-inner\">\n\t\t<div class=\"elementor-element elementor-element-71a1311 e-con-full e-flex e-con e-child\" data-id=\"71a1311\" data-element_type=\"container\">\n\t\t\t\t<div class=\"elementor-element elementor-element-645f0b8 elementor-widget elementor-widget-text-editor\" data-id=\"645f0b8\" data-element_type=\"widget\" data-widget_type=\"text-editor.default\">\n\t\t\t\t<div class=\"elementor-widget-container\">\n\t\t\t\t\t\t\t\t\t<p>\n            <div \n                class=\"elfsight-widget-contact-form elfsight-widget\" \n                data-elfsight-contact-form-options=\"%7B%22ei%22%3A%22%22%2C%22fields%22%3A%5B%7B%22type%22%3A%22text%22%2C%22placeholder%22%3A%22J%5Cu00e1n%22%2C%22description%22%3A%22%22%2C%22label%22%3A%22Meno%22%2C%22required%22%3Afalse%2C%22columnWidth%22%3A50%2C%22id%22%3A%22%5Bmeno%5D%22%7D%2C%7B%22type%22%3A%22text%22%2C%22placeholder%22%3A%22Nov%5Cu00e1k%22%2C%22description%22%3A%22%22%2C%22label%22%3A%22Priezvisko%22%2C%22required%22%3Afalse%2C%22columnWidth%22%3A50%2C%22id%22%3A%22%5Bpriezvisko%5D%22%7D%2C%7B%22type%22%3A%22email%22%2C%22label%22%3A%22Email%22%2C%22description%22%3A%22%22%2C%22placeholder%22%3A%22jan%40novak.sk%22%2C%22required%22%3Atrue%2C%22columnWidth%22%3A50%2C%22id%22%3A%22%5Bemail%5D%22%7D%2C%7B%22type%22%3A%22phone%22%2C%22label%22%3A%22Mobil%22%2C%22placeholder%22%3A%220900%20000%20000%22%2C%22description%22%3A%22%22%2C%22required%22%3Afalse%2C%22columnWidth%22%3A50%2C%22id%22%3A%22%5Bmobil%5D%22%7D%2C%7B%22type%22%3A%22datepicker%22%2C%22label%22%3A%22Od%22%2C%22name%22%3A%22%22%2C%22placeholder%22%3A%22%22%2C%22options%22%3A%22Option%201%5CnOption%202%22%2C%22scaleNumbersMin%22%3A1%2C%22scaleNumbersMax%22%3A10%2C%22leftCaption%22%3A%22Not%20likely%22%2C%22rightCaption%22%3A%22Very%20likely%22%2C%22fileLinkCaption%22%3A%22Choose%20file%22%2C%22fileDragCaption%22%3A%22or%20drag%20%26%20drop%20here%22%2C%22text%22%3A%22Text%22%2C%22title%22%3A%22Heading%22%2C%22caption%22%3A%22%22%2C%22value%22%3A%22%22%2C%22labelText%22%3A%22Label%22%2C%22dateTime%22%3A%22date%22%2C%22dateFormat%22%3A%22d.m.Y%22%2C%22timeFormat%22%3A%22H%3Ai%22%2C%22starsCount%22%3A5%2C%22required%22%3Atrue%2C%22description%22%3A%22%22%2C%22columnWidth%22%3A50%2C%22elementColumnWidth%22%3A100%2C%22fileAllowedAll%22%3Atrue%2C%22fileAllowed%22%3A%5B%22.jpg%22%2C%22.jpeg%22%2C%22.png%22%2C%22.gif%22%2C%22.txt%22%2C%22.pdf%22%2C%22.doc%22%2C%22.docx%22%2C%22.pages%22%2C%22.numbers%22%2C%22.xls%22%2C%22.xlsx%22%2C%22.odt%22%2C%22.ppt%22%2C%22.pptx%22%2C%22.pps%22%2C%22.ppsx%22%2C%22.html%22%5D%2C%22fileMax%22%3A25%2C%22fields%22%3A%22%22%2C%22id%22%3A%22%5Bod%5D%22%7D%2C%7B%22type%22%3A%22datepicker%22%2C%22label%22%3A%22Do%22%2C%22name%22%3A%22%22%2C%22placeholder%22%3A%22%22%2C%22options%22%3A%22Option%201%5CnOption%202%22%2C%22scaleNumbersMin%22%3A1%2C%22scaleNumbersMax%22%3A10%2C%22leftCaption%22%3A%22Not%20likely%22%2C%22rightCaption%22%3A%22Very%20likely%22%2C%22fileLinkCaption%22%3A%22Choose%20file%22%2C%22fileDragCaption%22%3A%22or%20drag%20%26%20drop%20here%22%2C%22text%22%3A%22Text%22%2C%22title%22%3A%22Heading%22%2C%22caption%22%3A%22%22%2C%22value%22%3A%22%22%2C%22labelText%22%3A%22Label%22%2C%22dateTime%22%3A%22date%22%2C%22dateFormat%22%3A%22d.m.Y%22%2C%22timeFormat%22%3A%22H%3Ai%22%2C%22starsCount%22%3A5%2C%22required%22%3Atrue%2C%22description%22%3A%22%22%2C%22columnWidth%22%3A50%2C%22elementColumnWidth%22%3A100%2C%22fileAllowedAll%22%3Atrue%2C%22fileAllowed%22%3A%5B%22.jpg%22%2C%22.jpeg%22%2C%22.png%22%2C%22.gif%22%2C%22.txt%22%2C%22.pdf%22%2C%22.doc%22%2C%22.docx%22%2C%22.pages%22%2C%22.numbers%22%2C%22.xls%22%2C%22.xlsx%22%2C%22.odt%22%2C%22.ppt%22%2C%22.pptx%22%2C%22.pps%22%2C%22.ppsx%22%2C%22.html%22%5D%2C%22fileMax%22%3A25%2C%22fields%22%3A%22%22%2C%22id%22%3A%22%5Bdo%5D%22%7D%2C%7B%22type%22%3A%22text%22%2C%22label%22%3A%22P%5Cu00f4%5Cu010det%20os%5Cu00f4b%22%2C%22name%22%3A%22%22%2C%22placeholder%22%3A%22%22%2C%22options%22%3A%22Option%201%5CnOption%202%22%2C%22scaleNumbersMin%22%3A1%2C%22scaleNumbersMax%22%3A10%2C%22leftCaption%22%3A%22Not%20likely%22%2C%22rightCaption%22%3A%22Very%20likely%22%2C%22fileLinkCaption%22%3A%22Choose%20file%22%2C%22fileDragCaption%22%3A%22or%20drag%20%26%20drop%20here%22%2C%22text%22%3A%22Text%22%2C%22title%22%3A%22Heading%22%2C%22caption%22%3A%22%22%2C%22value%22%3A%22%22%2C%22labelText%22%3A%22Label%22%2C%22dateTime%22%3A%22date%22%2C%22dateFormat%22%3A%22d.m.Y%22%2C%22timeFormat%22%3A%22H%3Ai%22%2C%22starsCount%22%3A5%2C%22required%22%3Atrue%2C%22description%22%3A%22%22%2C%22columnWidth%22%3A100%2C%22elementColumnWidth%22%3A100%2C%22fileAllowedAll%22%3Atrue%2C%22fileAllowed%22%3A%5B%22.jpg%22%2C%22.jpeg%22%2C%22.png%22%2C%22.gif%22%2C%22.txt%22%2C%22.pdf%22%2C%22.doc%22%2C%22.docx%22%2C%22.pages%22%2C%22.numbers%22%2C%22.xls%22%2C%22.xlsx%22%2C%22.odt%22%2C%22.ppt%22%2C%22.pptx%22%2C%22.pps%22%2C%22.ppsx%22%2C%22.html%22%5D%2C%22fileMax%22%3A25%2C%22fields%22%3A%22%22%2C%22id%22%3A%22%5Bp%5Cu00f4%5Cu010det-os%5Cu00f4b%5D%22%7D%2C%7B%22type%22%3A%22textarea%22%2C%22label%22%3A%22Va%5Cu0161a%20spr%5Cu00e1va%22%2C%22description%22%3A%22%22%2C%22placeholder%22%3A%22Va%5Cu0161a%20spr%5Cu00e1va%20alebo%20ot%5Cu00e1zka%22%2C%22required%22%3Atrue%2C%22columnWidth%22%3A100%2C%22id%22%3A%22%5Bva%5Cu0161a-spr%5Cu00e1va%5D%22%7D%2C%7B%22type%22%3A%22checkbox%22%2C%22label%22%3A%22%22%2C%22name%22%3A%22%22%2C%22placeholder%22%3A%22%22%2C%22options%22%3A%22Odoslan%5Cu00edm%20s%5Cu00fahlas%5Cu00edte%20so%20spracovan%5Cu00edm%20osobn%5Cu00fdch%20%5Cu00fadajov.%22%2C%22scaleNumbersMin%22%3A1%2C%22scaleNumbersMax%22%3A10%2C%22leftCaption%22%3A%22Not%20likely%22%2C%22rightCaption%22%3A%22Very%20likely%22%2C%22fileLinkCaption%22%3A%22Choose%20file%22%2C%22fileDragCaption%22%3A%22or%20drag%20%26%20drop%20here%22%2C%22text%22%3A%22Text%22%2C%22title%22%3A%22Heading%22%2C%22caption%22%3A%22%22%2C%22value%22%3A%22%22%2C%22labelText%22%3A%22Label%22%2C%22dateTime%22%3A%22date%22%2C%22dateFormat%22%3A%22d.m.Y%22%2C%22timeFormat%22%3A%22H%3Ai%22%2C%22starsCount%22%3A5%2C%22required%22%3Afalse%2C%22description%22%3A%22%22%2C%22columnWidth%22%3A100%2C%22elementColumnWidth%22%3A100%2C%22fileAllowedAll%22%3Atrue%2C%22fileAllowed%22%3A%5B%22.jpg%22%2C%22.jpeg%22%2C%22.png%22%2C%22.gif%22%2C%22.txt%22%2C%22.pdf%22%2C%22.doc%22%2C%22.docx%22%2C%22.pages%22%2C%22.numbers%22%2C%22.xls%22%2C%22.xlsx%22%2C%22.odt%22%2C%22.ppt%22%2C%22.pptx%22%2C%22.pps%22%2C%22.ppsx%22%2C%22.html%22%5D%2C%22fileMax%22%3A25%2C%22fields%22%3A%22%22%2C%22id%22%3A%22%5B%5D%22%7D%5D%2C%22headerActive%22%3Afalse%2C%22headerTitle%22%3A%22Get%20in%20Touch%22%2C%22headerText%22%3A%22Leave%20your%20message%20and%20we%27ll%20get%20back%20to%20you%20shortly.%22%2C%22headerPictureUrl%22%3A%22message%22%2C%22footerText%22%3A%22%22%2C%22actionAfterSubmit%22%3A%22message%22%2C%22successMessage%22%3A%22Va%5Cu0161a%20spr%5Cu00e1va%20bola%20%5Cu00faspe%5Cu0161ne%20odoslan%5Cu00e1%21%20%5Cu010coskoro%20v%5Cu00e1m%20odpovieme.%3Cbr%3E%22%2C%22successContinueText%22%3A%22OK%22%2C%22redirectUrl%22%3A%22https%3A%5C%2F%5C%2Fexample.com%22%2C%22submitText%22%3A%22Odosla%5Cu0165%22%2C%22stepsMessagesDivider%22%3Anull%2C%22stepsMessagesTitle%22%3Anull%2C%22stepsText%22%3A%22step%20%251%20of%20%252%22%2C%22stepBackText%22%3A%22Back%22%2C%22stepNextText%22%3A%22Next%22%2C%22errorMessageAllRequired%22%3A%22Vypl%5Cu0148te%20pros%5Cu00edm%20v%5Cu0161etky%20povinn%5Cu00e9%20polia%22%2C%22errorMessageAllIncorrect%22%3A%22Pros%5Cu00edm%2C%20vypl%5Cu0148te%20v%5Cu0161etky%20polia%20spr%5Cu00e1vne%22%2C%22errorMessageSetMailTo%22%3A%22Pros%5Cu00edm%2C%20nastavte%20email%2C%20na%20ktor%5Cu00fd%20sa%20maj%5Cu00fa%20posiela%5Cu0165%20spr%5Cu00e1vy%22%2C%22errorMessageRequiredCaptcha%22%3A%22Pros%5Cu00edm%2C%20zadajte%20captcha%22%2C%22errorMessageFileSizeLimit%22%3A%22Bol%20prekro%5Cu010den%5Cu00fd%20limit%20ve%5Cu013ekosti%20s%5Cu00faboru%22%2C%22errorMessageFileNotAllowed%22%3A%22File%20extension%20not%20allowed%22%2C%22errorMessageUnknown%22%3A%22Chyba%22%2C%22errorMessageRequired%22%3A%22Povinn%5Cu00e9%20pole%22%2C%22errorMessageInvalid%22%3A%22Chyba%22%2C%22errorMessageInvalidEmail%22%3A%22Chybn%5Cu00fd%20email%22%2C%22errorMessageInvalidPhone%22%3A%22Chybn%5Cu00e9%20tel.%20%5Cu010d%5Cu00edslo%22%2C%22errorMessageInvalidUrl%22%3A%22Invalid%20URL%22%2C%22calendarWeekdaysShorthand%22%3A%22Sun%5CnMon%5CnTue%5CnWed%5CnThu%5CnFri%5CnSat%22%2C%22calendarMonthsLonghand%22%3A%22January%5CnFebruary%5CnMarch%5CnApril%5CnMay%5CnJune%5CnJuly%5CnAugust%5CnSeptember%5CnOctober%5CnNovember%5CnDecember%22%2C%22showProgress%22%3Atrue%2C%22recaptchaType%22%3A%22invisible%22%2C%22integrationsGoogleToken%22%3A%22%22%2C%22integrationsGoogleSheetId%22%3A%22%22%2C%22layout%22%3A%22default%22%2C%22floatingIcon%22%3A%22message%22%2C%22floatingText%22%3A%22%22%2C%22floatingPosition%22%3A%22right%22%2C%22width%22%3A%22580%22%2C%22style%22%3A%22classic%22%2C%22mainColor%22%3A%22rgb%2870%2C%20158%2C%2056%29%22%2C%22apiUrl%22%3A%22https%3A%5C%2F%5C%2Fezathouse.sk%5C%2Fen%5C%2Fwp-json%5C%2Felfsight-contact-form%5C%2Fapi%22%2C%22recaptchaKeyCheckbox%22%3A%226LfXGHgUAAAAAHNIE_EH7kEI1l4xvf_ynIlg5bfo%22%2C%22recaptchaKeyInvisible%22%3A%226Ld1CXgUAAAAAFTHmixC1Eo-NP7_3ddB1YOj9AfX%22%2C%22widgetId%22%3A%222%22%7D\" \n                data-elfsight-contact-form-version=\"2.3.1\"\n                data-elfsight-widget-id=\"elfsight-contact-form-2\">\n            <\/div>\n            <\/p>\t\t\t\t\t\t\t\t<\/div>\n\t\t\t\t<\/div>\n\t\t\t\t<\/div>\n\t\t<div class=\"elementor-element elementor-element-b565dab e-con-full e-flex e-con e-child\" data-id=\"b565dab\" data-element_type=\"container\">\n\t\t\t\t<div class=\"elementor-element elementor-element-c944538 elementor-widget elementor-widget-image\" data-id=\"c944538\" data-element_type=\"widget\" data-widget_type=\"image.default\">\n\t\t\t\t<div class=\"elementor-widget-container\">\n\t\t\t\t\t\t\t\t\t\t\t\t\t\t\t<img fetchpriority=\"high\" decoding=\"async\" width=\"677\" height=\"677\" src=\"https:\/\/ezathouse.sk\/wp-content\/uploads\/2025\/09\/486480538_122122609436653790_3784556840549785518_n.jpg\" class=\"attachment-large size-large wp-image-519\" alt=\"\" srcset=\"https:\/\/ezathouse.sk\/wp-content\/uploads\/2025\/09\/486480538_122122609436653790_3784556840549785518_n.jpg 677w, https:\/\/ezathouse.sk\/wp-content\/uploads\/2025\/09\/486480538_122122609436653790_3784556840549785518_n-300x300.jpg 300w, https:\/\/ezathouse.sk\/wp-content\/uploads\/2025\/09\/486480538_122122609436653790_3784556840549785518_n-150x150.jpg 150w\" sizes=\"(max-width: 677px) 100vw, 677px\" \/>\t\t\t\t\t\t\t\t\t\t\t\t\t\t\t<\/div>\n\t\t\t\t<\/div>\n\t\t\t\t<\/div>\n\t\t\t\t\t<\/div>\n\t\t\t\t<\/div>\n\t\t\t\t<\/div>","protected":false},"excerpt":{"rendered":"<p>Rezerv\u00e1cia<\/p>","protected":false},"author":1,"featured_media":0,"parent":0,"menu_order":0,"comment_status":"closed","ping_status":"closed","template":"elementor_header_footer","meta":{"footnotes":""},"class_list":["post-514","page","type-page","status-publish","hentry"],"yoast_head":"<!-- This site is optimized with the Yoast SEO plugin v24.4 - https:\/\/yoast.com\/wordpress\/plugins\/seo\/ -->\n<title>Rezerv\u00e1cia - Ezathouse Devi\u010die<\/title>\n<meta name=\"robots\" content=\"index, follow, max-snippet:-1, max-image-preview:large, max-video-preview:-1\" \/>\n<link rel=\"canonical\" href=\"https:\/\/ezathouse.sk\/en\/rezervacia\/\" \/>\n<meta property=\"og:locale\" content=\"en_GB\" \/>\n<meta property=\"og:type\" content=\"article\" \/>\n<meta property=\"og:title\" content=\"Rezerv\u00e1cia - Ezathouse Devi\u010die\" \/>\n<meta property=\"og:description\" content=\"Rezerv\u00e1cia\" \/>\n<meta property=\"og:url\" content=\"https:\/\/ezathouse.sk\/en\/rezervacia\/\" \/>\n<meta property=\"og:site_name\" content=\"Ezathouse Devi\u010die\" \/>\n<meta property=\"article:modified_time\" content=\"2025-11-18T19:55:35+00:00\" \/>\n<meta property=\"og:image\" content=\"https:\/\/ezathouse.sk\/wp-content\/uploads\/2025\/09\/486480538_122122609436653790_3784556840549785518_n.jpg\" \/>\n<meta name=\"twitter:card\" content=\"summary_large_image\" \/>\n<meta name=\"twitter:label1\" content=\"Estimated reading time\" \/>\n\t<meta name=\"twitter:data1\" content=\"1 minute\" \/>\n<script type=\"application\/ld+json\" class=\"yoast-schema-graph\">{\"@context\":\"https:\/\/schema.org\",\"@graph\":[{\"@type\":\"WebPage\",\"@id\":\"https:\/\/ezathouse.sk\/rezervacia\/\",\"url\":\"https:\/\/ezathouse.sk\/rezervacia\/\",\"name\":\"Rezerv\u00e1cia - Ezathouse Devi\u010die\",\"isPartOf\":{\"@id\":\"https:\/\/ezathouse.sk\/#website\"},\"primaryImageOfPage\":{\"@id\":\"https:\/\/ezathouse.sk\/rezervacia\/#primaryimage\"},\"image\":{\"@id\":\"https:\/\/ezathouse.sk\/rezervacia\/#primaryimage\"},\"thumbnailUrl\":\"https:\/\/ezathouse.sk\/wp-content\/uploads\/2025\/09\/486480538_122122609436653790_3784556840549785518_n.jpg\",\"datePublished\":\"2025-09-25T17:27:19+00:00\",\"dateModified\":\"2025-11-18T19:55:35+00:00\",\"breadcrumb\":{\"@id\":\"https:\/\/ezathouse.sk\/rezervacia\/#breadcrumb\"},\"inLanguage\":\"en-GB\",\"potentialAction\":[{\"@type\":\"ReadAction\",\"target\":[\"https:\/\/ezathouse.sk\/rezervacia\/\"]}]},{\"@type\":\"ImageObject\",\"inLanguage\":\"en-GB\",\"@id\":\"https:\/\/ezathouse.sk\/rezervacia\/#primaryimage\",\"url\":\"https:\/\/ezathouse.sk\/wp-content\/uploads\/2025\/09\/486480538_122122609436653790_3784556840549785518_n.jpg\",\"contentUrl\":\"https:\/\/ezathouse.sk\/wp-content\/uploads\/2025\/09\/486480538_122122609436653790_3784556840549785518_n.jpg\"},{\"@type\":\"BreadcrumbList\",\"@id\":\"https:\/\/ezathouse.sk\/rezervacia\/#breadcrumb\",\"itemListElement\":[{\"@type\":\"ListItem\",\"position\":1,\"name\":\"Domovsk\u00e1 str\u00e1nka\",\"item\":\"https:\/\/ezathouse.sk\/\"},{\"@type\":\"ListItem\",\"position\":2,\"name\":\"Rezerv\u00e1cia\"}]},{\"@type\":\"WebSite\",\"@id\":\"https:\/\/ezathouse.sk\/#website\",\"url\":\"https:\/\/ezathouse.sk\/\",\"name\":\"Ezathouse Devi\u010die\",\"description\":\"\",\"potentialAction\":[{\"@type\":\"SearchAction\",\"target\":{\"@type\":\"EntryPoint\",\"urlTemplate\":\"https:\/\/ezathouse.sk\/?s={search_term_string}\"},\"query-input\":{\"@type\":\"PropertyValueSpecification\",\"valueRequired\":true,\"valueName\":\"search_term_string\"}}],\"inLanguage\":\"en-GB\"}]}<\/script>\n<!-- \/ Yoast SEO plugin. -->","yoast_head_json":{"title":"Rezerv\u00e1cia - Ezathouse Devi\u010die","robots":{"index":"index","follow":"follow","max-snippet":"max-snippet:-1","max-image-preview":"max-image-preview:large","max-video-preview":"max-video-preview:-1"},"canonical":"https:\/\/ezathouse.sk\/en\/rezervacia\/","og_locale":"en_GB","og_type":"article","og_title":"Rezerv\u00e1cia - Ezathouse Devi\u010die","og_description":"Rezerv\u00e1cia","og_url":"https:\/\/ezathouse.sk\/en\/rezervacia\/","og_site_name":"Ezathouse Devi\u010die","article_modified_time":"2025-11-18T19:55:35+00:00","og_image":[{"url":"https:\/\/ezathouse.sk\/wp-content\/uploads\/2025\/09\/486480538_122122609436653790_3784556840549785518_n.jpg","type":"","width":"","height":""}],"twitter_card":"summary_large_image","twitter_misc":{"Estimated reading time":"1 minute"},"schema":{"@context":"https:\/\/schema.org","@graph":[{"@type":"WebPage","@id":"https:\/\/ezathouse.sk\/rezervacia\/","url":"https:\/\/ezathouse.sk\/rezervacia\/","name":"Rezerv\u00e1cia - Ezathouse Devi\u010die","isPartOf":{"@id":"https:\/\/ezathouse.sk\/#website"},"primaryImageOfPage":{"@id":"https:\/\/ezathouse.sk\/rezervacia\/#primaryimage"},"image":{"@id":"https:\/\/ezathouse.sk\/rezervacia\/#primaryimage"},"thumbnailUrl":"https:\/\/ezathouse.sk\/wp-content\/uploads\/2025\/09\/486480538_122122609436653790_3784556840549785518_n.jpg","datePublished":"2025-09-25T17:27:19+00:00","dateModified":"2025-11-18T19:55:35+00:00","breadcrumb":{"@id":"https:\/\/ezathouse.sk\/rezervacia\/#breadcrumb"},"inLanguage":"en-GB","potentialAction":[{"@type":"ReadAction","target":["https:\/\/ezathouse.sk\/rezervacia\/"]}]},{"@type":"ImageObject","inLanguage":"en-GB","@id":"https:\/\/ezathouse.sk\/rezervacia\/#primaryimage","url":"https:\/\/ezathouse.sk\/wp-content\/uploads\/2025\/09\/486480538_122122609436653790_3784556840549785518_n.jpg","contentUrl":"https:\/\/ezathouse.sk\/wp-content\/uploads\/2025\/09\/486480538_122122609436653790_3784556840549785518_n.jpg"},{"@type":"BreadcrumbList","@id":"https:\/\/ezathouse.sk\/rezervacia\/#breadcrumb","itemListElement":[{"@type":"ListItem","position":1,"name":"Domovsk\u00e1 str\u00e1nka","item":"https:\/\/ezathouse.sk\/"},{"@type":"ListItem","position":2,"name":"Rezerv\u00e1cia"}]},{"@type":"WebSite","@id":"https:\/\/ezathouse.sk\/#website","url":"https:\/\/ezathouse.sk\/","name":"Ezathouse Devi\u010die","description":"","potentialAction":[{"@type":"SearchAction","target":{"@type":"EntryPoint","urlTemplate":"https:\/\/ezathouse.sk\/?s={search_term_string}"},"query-input":{"@type":"PropertyValueSpecification","valueRequired":true,"valueName":"search_term_string"}}],"inLanguage":"en-GB"}]}},"_links":{"self":[{"href":"https:\/\/ezathouse.sk\/en\/wp-json\/wp\/v2\/pages\/514","targetHints":{"allow":["GET"]}}],"collection":[{"href":"https:\/\/ezathouse.sk\/en\/wp-json\/wp\/v2\/pages"}],"about":[{"href":"https:\/\/ezathouse.sk\/en\/wp-json\/wp\/v2\/types\/page"}],"author":[{"embeddable":true,"href":"https:\/\/ezathouse.sk\/en\/wp-json\/wp\/v2\/users\/1"}],"replies":[{"embeddable":true,"href":"https:\/\/ezathouse.sk\/en\/wp-json\/wp\/v2\/comments?post=514"}],"version-history":[{"count":29,"href":"https:\/\/ezathouse.sk\/en\/wp-json\/wp\/v2\/pages\/514\/revisions"}],"predecessor-version":[{"id":830,"href":"https:\/\/ezathouse.sk\/en\/wp-json\/wp\/v2\/pages\/514\/revisions\/830"}],"wp:attachment":[{"href":"https:\/\/ezathouse.sk\/en\/wp-json\/wp\/v2\/media?parent=514"}],"curies":[{"name":"wp","href":"https:\/\/api.w.org\/{rel}","templated":true}]}}