{"id":551,"date":"2025-09-30T10:07:17","date_gmt":"2025-09-30T08:07:17","guid":{"rendered":"https:\/\/ezathouse.sk\/?page_id=551"},"modified":"2025-11-18T20:46:17","modified_gmt":"2025-11-18T19:46:17","slug":"cennik","status":"publish","type":"page","link":"https:\/\/ezathouse.sk\/en\/cennik\/","title":{"rendered":"Cenn\u00edk"},"content":{"rendered":"<div data-elementor-type=\"wp-page\" data-elementor-id=\"551\" class=\"elementor elementor-551\" data-elementor-post-type=\"page\">\n\t\t\t\t<div class=\"elementor-element elementor-element-b5f0d18 e-flex e-con-boxed e-con e-parent\" data-id=\"b5f0d18\" data-element_type=\"container\" data-settings=\"{&quot;background_background&quot;:&quot;classic&quot;}\">\n\t\t\t\t\t<div class=\"e-con-inner\">\n\t\t<div class=\"elementor-element elementor-element-755bc0e8 e-con-full e-flex e-con e-child\" data-id=\"755bc0e8\" data-element_type=\"container\">\n\t\t\t\t<div class=\"elementor-element elementor-element-40c44ae0 elementor-widget elementor-widget-heading\" data-id=\"40c44ae0\" data-element_type=\"widget\" data-widget_type=\"heading.default\">\n\t\t\t\t<div class=\"elementor-widget-container\">\n\t\t\t\t\t<h1 class=\"elementor-heading-title elementor-size-default\">Cenn\u00edk<\/h1>\t\t\t\t<\/div>\n\t\t\t\t<\/div>\n\t\t\t\t<\/div>\n\t\t\t\t\t<\/div>\n\t\t\t\t<\/div>\n\t\t<div class=\"elementor-element elementor-element-13a9e22f e-flex e-con-boxed e-con e-parent\" data-id=\"13a9e22f\" data-element_type=\"container\">\n\t\t\t\t\t<div class=\"e-con-inner\">\n\t\t\t\t<div class=\"elementor-element elementor-element-6469e9f elementor-widget elementor-widget-text-editor\" data-id=\"6469e9f\" data-element_type=\"widget\" data-widget_type=\"text-editor.default\">\n\t\t\t\t<div class=\"elementor-widget-container\">\n\t\t\t\t\t\t\t\t\t<h3><strong>CENN\u00cdK<\/strong><\/h3>\n\n<table style=\"width:100%; max-width:500px; border-collapse:collapse; margin-bottom:15px;\">\n  <tbody>\n    <tr>\n      <td>Jednol\u00f4\u017ekov\u00e1 izba<\/td>\n      <td style=\"text-align:right;\"><strong>54&nbsp;\u20ac<\/strong><\/td>\n    <\/tr>\n    <tr>\n      <td>Dvojl\u00f4\u017ekov\u00e1 izba<\/td>\n      <td style=\"text-align:right;\"><strong>65&nbsp;\u20ac<\/strong><\/td>\n    <\/tr>\n    <tr>\n      <td>Trojl\u00f4\u017ekov\u00e1 izba<\/td>\n      <td style=\"text-align:right;\"><strong>89&nbsp;\u20ac<\/strong><\/td>\n    <\/tr>\n    <tr>\n      <td>\u0160tvorl\u00f4\u017ekov\u00e1 izba<\/td>\n      <td style=\"text-align:right;\"><strong>108&nbsp;\u20ac<\/strong><\/td>\n    <\/tr>\n    <tr>\n      <td>Objekt do 8 os\u00f4b<\/td>\n      <td style=\"text-align:right;\"><strong>240&nbsp;\u20ac<\/strong><\/td>\n    <\/tr>\n    <tr>\n      <td>Objekt do 12 os\u00f4b<\/td>\n      <td style=\"text-align:right;\"><strong>320&nbsp;\u20ac<\/strong><\/td>\n    <\/tr>\n    <tr>\n      <td>Pr\u00edstelka<\/td>\n      <td style=\"text-align:right;\"><strong>24&nbsp;\u20ac<\/strong><\/td>\n    <\/tr>\n    <tr>\n      <td>\u0160tvorl\u00f4\u017ekov\u00e1 izba so saunou<\/td>\n      <td style=\"text-align:right;\"><strong>160&nbsp;\u20ac<\/strong><\/td>\n    <\/tr>\n  <\/tbody>\n<\/table>\n\n<p><strong>Ostatn\u00e9 inform\u00e1cie:<\/strong><\/p>\n<ul style=\"margin-top:5px; margin-bottom:10px;\">\n  <li>Die\u0165a 0\u20136 rokov ubytovanie zdarma bez n\u00e1roku na l\u00f4\u017eko (na zaplaten\u00fdch l\u00f4\u017ekach dospel\u00fdmi)<\/li>\n  <li>Wi-Fi zdarma<\/li>\n  <li>Uzavret\u00e9 parkovanie zdarma<\/li>\n  <li>Check-in od 16.00 do 22.00<\/li>\n  <li>Check-out do 10.00<\/li>\n<\/ul>\n\n<table style=\"width:100%; max-width:500px; border-collapse:collapse; margin-bottom:15px;\">\n  <tbody>\n    <tr>\n      <td>Sauna len pre ubytovan\u00fdch do 4 os\u00f4b<\/td>\n      <td style=\"text-align:right;\"><strong>60&nbsp;\u20ac<\/strong><\/td>\n    <\/tr>\n    <tr>\n      <td>Sauna len pre ubytovan\u00fdch do 8 os\u00f4b<\/td>\n      <td style=\"text-align:right;\"><strong>100&nbsp;\u20ac<\/strong><\/td>\n    <\/tr>\n  <\/tbody>\n<\/table>\n\n<p>Platby prij\u00edmame v hotovosti, kartou alebo fakt\u00farou na \u00fa\u010det.<\/p>\n<p>Cena je vr\u00e1tane DPH. Sme platcovia DPH.<\/p>\n\n<p><strong>Ubytovanie mimo uveden\u00e9ho rie\u0161ime individu\u00e1lne. Pri dlhodobom ubytovan\u00ed (nad 7 dn\u00ed) poskytujeme z\u013eavy 5\u201315 %. Rekrea\u010dn\u00e9 poukazy platia.<\/strong><\/p>\n\t\t\t\t\t\t\t\t<\/div>\n\t\t\t\t<\/div>\n\t\t\t\t\t<\/div>\n\t\t\t\t<\/div>\n\t\t<div class=\"elementor-element elementor-element-bceb0f7 e-flex e-con-boxed e-con e-parent\" data-id=\"bceb0f7\" data-element_type=\"container\">\n\t\t\t\t\t<div class=\"e-con-inner\">\n\t\t\t\t<div class=\"elementor-element elementor-element-ce4adc2 elementor-widget elementor-widget-gallery\" data-id=\"ce4adc2\" data-element_type=\"widget\" data-settings=\"{&quot;columns&quot;:3,&quot;lazyload&quot;:&quot;yes&quot;,&quot;gallery_layout&quot;:&quot;grid&quot;,&quot;columns_tablet&quot;:2,&quot;columns_mobile&quot;:1,&quot;gap&quot;:{&quot;unit&quot;:&quot;px&quot;,&quot;size&quot;:10,&quot;sizes&quot;:[]},&quot;gap_tablet&quot;:{&quot;unit&quot;:&quot;px&quot;,&quot;size&quot;:10,&quot;sizes&quot;:[]},&quot;gap_mobile&quot;:{&quot;unit&quot;:&quot;px&quot;,&quot;size&quot;:10,&quot;sizes&quot;:[]},&quot;link_to&quot;:&quot;file&quot;,&quot;aspect_ratio&quot;:&quot;3:2&quot;,&quot;overlay_background&quot;:&quot;yes&quot;,&quot;content_hover_animation&quot;:&quot;fade-in&quot;}\" data-widget_type=\"gallery.default\">\n\t\t\t\t<div class=\"elementor-widget-container\">\n\t\t\t\t\t\t\t<div class=\"elementor-gallery__container\">\n\t\t\t\t\t\t\t<a class=\"e-gallery-item elementor-gallery-item elementor-animated-content\" href=\"https:\/\/ezathouse.sk\/wp-content\/uploads\/2025\/10\/rekreacne-poukazy.jpg\" data-elementor-open-lightbox=\"yes\" data-elementor-lightbox-slideshow=\"ce4adc2\" data-elementor-lightbox-title=\"rekreac\u030cne\u0301 poukazy\" data-e-action-hash=\"#elementor-action%3Aaction%3Dlightbox%26settings%3DeyJpZCI6NzA0LCJ1cmwiOiJodHRwczpcL1wvZXphdGhvdXNlLnNrXC93cC1jb250ZW50XC91cGxvYWRzXC8yMDI1XC8xMFwvcmVrcmVhY25lLXBvdWthenkuanBnIiwic2xpZGVzaG93IjoiY2U0YWRjMiJ9\">\n\t\t\t\t\t<div class=\"e-gallery-image elementor-gallery-item__image\" data-thumbnail=\"https:\/\/ezathouse.sk\/wp-content\/uploads\/2025\/10\/rekreacne-poukazy.jpg\" data-width=\"500\" data-height=\"331\" aria-label=\"\" role=\"img\" ><\/div>\n\t\t\t\t\t\t\t\t\t\t\t<div class=\"elementor-gallery-item__overlay\"><\/div>\n\t\t\t\t\t\t\t\t\t\t\t\t\t\t<\/a>\n\t\t\t\t\t<\/div>\n\t\t\t\t\t<\/div>\n\t\t\t\t<\/div>\n\t\t\t\t\t<\/div>\n\t\t\t\t<\/div>\n\t\t\t\t<\/div>","protected":false},"excerpt":{"rendered":"<p>Cenn\u00edk CENN\u00cdK Jednol\u00f4\u017ekov\u00e1 izba 54\u00a0\u20ac Dvojl\u00f4\u017ekov\u00e1 izba 65\u00a0\u20ac Trojl\u00f4\u017ekov\u00e1 izba 89\u00a0\u20ac \u0160tvorl\u00f4\u017ekov\u00e1 izba 108\u00a0\u20ac Objekt do 8 os\u00f4b 240\u00a0\u20ac Objekt do 12 os\u00f4b 320\u00a0\u20ac Pr\u00edstelka 24\u00a0\u20ac \u0160tvorl\u00f4\u017ekov\u00e1 izba so saunou 160\u00a0\u20ac Ostatn\u00e9 inform\u00e1cie: Die\u0165a 0\u20136 rokov ubytovanie zdarma bez n\u00e1roku na l\u00f4\u017eko (na zaplaten\u00fdch l\u00f4\u017ekach dospel\u00fdmi) Wi-Fi zdarma Uzavret\u00e9 parkovanie zdarma Check-in od 16.00 do [&hellip;]<\/p>","protected":false},"author":1,"featured_media":0,"parent":0,"menu_order":0,"comment_status":"closed","ping_status":"closed","template":"elementor_header_footer","meta":{"footnotes":""},"class_list":["post-551","page","type-page","status-publish","hentry"],"yoast_head":"<!-- This site is optimized with the Yoast SEO plugin v24.4 - https:\/\/yoast.com\/wordpress\/plugins\/seo\/ -->\n<title>Cenn\u00edk - Ezathouse Devi\u010die<\/title>\n<meta name=\"robots\" content=\"index, follow, max-snippet:-1, max-image-preview:large, max-video-preview:-1\" \/>\n<link rel=\"canonical\" href=\"https:\/\/ezathouse.sk\/en\/cennik\/\" \/>\n<meta property=\"og:locale\" content=\"en_GB\" \/>\n<meta property=\"og:type\" content=\"article\" \/>\n<meta property=\"og:title\" content=\"Cenn\u00edk - Ezathouse Devi\u010die\" \/>\n<meta property=\"og:description\" content=\"Cenn\u00edk CENN\u00cdK Jednol\u00f4\u017ekov\u00e1 izba 54\u00a0\u20ac Dvojl\u00f4\u017ekov\u00e1 izba 65\u00a0\u20ac Trojl\u00f4\u017ekov\u00e1 izba 89\u00a0\u20ac \u0160tvorl\u00f4\u017ekov\u00e1 izba 108\u00a0\u20ac Objekt do 8 os\u00f4b 240\u00a0\u20ac Objekt do 12 os\u00f4b 320\u00a0\u20ac Pr\u00edstelka 24\u00a0\u20ac \u0160tvorl\u00f4\u017ekov\u00e1 izba so saunou 160\u00a0\u20ac Ostatn\u00e9 inform\u00e1cie: Die\u0165a 0\u20136 rokov ubytovanie zdarma bez n\u00e1roku na l\u00f4\u017eko (na zaplaten\u00fdch l\u00f4\u017ekach dospel\u00fdmi) Wi-Fi zdarma Uzavret\u00e9 parkovanie zdarma Check-in od 16.00 do [&hellip;]\" \/>\n<meta property=\"og:url\" content=\"https:\/\/ezathouse.sk\/en\/cennik\/\" \/>\n<meta property=\"og:site_name\" content=\"Ezathouse Devi\u010die\" \/>\n<meta property=\"article:modified_time\" content=\"2025-11-18T19:46:17+00:00\" \/>\n<meta name=\"twitter:card\" content=\"summary_large_image\" \/>\n<meta name=\"twitter:label1\" content=\"Estimated reading time\" \/>\n\t<meta name=\"twitter:data1\" content=\"1 minute\" \/>\n<script type=\"application\/ld+json\" class=\"yoast-schema-graph\">{\"@context\":\"https:\/\/schema.org\",\"@graph\":[{\"@type\":\"WebPage\",\"@id\":\"https:\/\/ezathouse.sk\/cennik\/\",\"url\":\"https:\/\/ezathouse.sk\/cennik\/\",\"name\":\"Cenn\u00edk - Ezathouse Devi\u010die\",\"isPartOf\":{\"@id\":\"https:\/\/ezathouse.sk\/#website\"},\"datePublished\":\"2025-09-30T08:07:17+00:00\",\"dateModified\":\"2025-11-18T19:46:17+00:00\",\"breadcrumb\":{\"@id\":\"https:\/\/ezathouse.sk\/cennik\/#breadcrumb\"},\"inLanguage\":\"en-GB\",\"potentialAction\":[{\"@type\":\"ReadAction\",\"target\":[\"https:\/\/ezathouse.sk\/cennik\/\"]}]},{\"@type\":\"BreadcrumbList\",\"@id\":\"https:\/\/ezathouse.sk\/cennik\/#breadcrumb\",\"itemListElement\":[{\"@type\":\"ListItem\",\"position\":1,\"name\":\"Domovsk\u00e1 str\u00e1nka\",\"item\":\"https:\/\/ezathouse.sk\/\"},{\"@type\":\"ListItem\",\"position\":2,\"name\":\"Cenn\u00edk\"}]},{\"@type\":\"WebSite\",\"@id\":\"https:\/\/ezathouse.sk\/#website\",\"url\":\"https:\/\/ezathouse.sk\/\",\"name\":\"Ezathouse Devi\u010die\",\"description\":\"\",\"potentialAction\":[{\"@type\":\"SearchAction\",\"target\":{\"@type\":\"EntryPoint\",\"urlTemplate\":\"https:\/\/ezathouse.sk\/?s={search_term_string}\"},\"query-input\":{\"@type\":\"PropertyValueSpecification\",\"valueRequired\":true,\"valueName\":\"search_term_string\"}}],\"inLanguage\":\"en-GB\"}]}<\/script>\n<!-- \/ Yoast SEO plugin. -->","yoast_head_json":{"title":"Cenn\u00edk - Ezathouse Devi\u010die","robots":{"index":"index","follow":"follow","max-snippet":"max-snippet:-1","max-image-preview":"max-image-preview:large","max-video-preview":"max-video-preview:-1"},"canonical":"https:\/\/ezathouse.sk\/en\/cennik\/","og_locale":"en_GB","og_type":"article","og_title":"Cenn\u00edk - Ezathouse Devi\u010die","og_description":"Cenn\u00edk CENN\u00cdK Jednol\u00f4\u017ekov\u00e1 izba 54\u00a0\u20ac Dvojl\u00f4\u017ekov\u00e1 izba 65\u00a0\u20ac Trojl\u00f4\u017ekov\u00e1 izba 89\u00a0\u20ac \u0160tvorl\u00f4\u017ekov\u00e1 izba 108\u00a0\u20ac Objekt do 8 os\u00f4b 240\u00a0\u20ac Objekt do 12 os\u00f4b 320\u00a0\u20ac Pr\u00edstelka 24\u00a0\u20ac \u0160tvorl\u00f4\u017ekov\u00e1 izba so saunou 160\u00a0\u20ac Ostatn\u00e9 inform\u00e1cie: Die\u0165a 0\u20136 rokov ubytovanie zdarma bez n\u00e1roku na l\u00f4\u017eko (na zaplaten\u00fdch l\u00f4\u017ekach dospel\u00fdmi) Wi-Fi zdarma Uzavret\u00e9 parkovanie zdarma Check-in od 16.00 do [&hellip;]","og_url":"https:\/\/ezathouse.sk\/en\/cennik\/","og_site_name":"Ezathouse Devi\u010die","article_modified_time":"2025-11-18T19:46:17+00:00","twitter_card":"summary_large_image","twitter_misc":{"Estimated reading time":"1 minute"},"schema":{"@context":"https:\/\/schema.org","@graph":[{"@type":"WebPage","@id":"https:\/\/ezathouse.sk\/cennik\/","url":"https:\/\/ezathouse.sk\/cennik\/","name":"Cenn\u00edk - Ezathouse Devi\u010die","isPartOf":{"@id":"https:\/\/ezathouse.sk\/#website"},"datePublished":"2025-09-30T08:07:17+00:00","dateModified":"2025-11-18T19:46:17+00:00","breadcrumb":{"@id":"https:\/\/ezathouse.sk\/cennik\/#breadcrumb"},"inLanguage":"en-GB","potentialAction":[{"@type":"ReadAction","target":["https:\/\/ezathouse.sk\/cennik\/"]}]},{"@type":"BreadcrumbList","@id":"https:\/\/ezathouse.sk\/cennik\/#breadcrumb","itemListElement":[{"@type":"ListItem","position":1,"name":"Domovsk\u00e1 str\u00e1nka","item":"https:\/\/ezathouse.sk\/"},{"@type":"ListItem","position":2,"name":"Cenn\u00edk"}]},{"@type":"WebSite","@id":"https:\/\/ezathouse.sk\/#website","url":"https:\/\/ezathouse.sk\/","name":"Ezathouse Devi\u010die","description":"","potentialAction":[{"@type":"SearchAction","target":{"@type":"EntryPoint","urlTemplate":"https:\/\/ezathouse.sk\/?s={search_term_string}"},"query-input":{"@type":"PropertyValueSpecification","valueRequired":true,"valueName":"search_term_string"}}],"inLanguage":"en-GB"}]}},"_links":{"self":[{"href":"https:\/\/ezathouse.sk\/en\/wp-json\/wp\/v2\/pages\/551","targetHints":{"allow":["GET"]}}],"collection":[{"href":"https:\/\/ezathouse.sk\/en\/wp-json\/wp\/v2\/pages"}],"about":[{"href":"https:\/\/ezathouse.sk\/en\/wp-json\/wp\/v2\/types\/page"}],"author":[{"embeddable":true,"href":"https:\/\/ezathouse.sk\/en\/wp-json\/wp\/v2\/users\/1"}],"replies":[{"embeddable":true,"href":"https:\/\/ezathouse.sk\/en\/wp-json\/wp\/v2\/comments?post=551"}],"version-history":[{"count":20,"href":"https:\/\/ezathouse.sk\/en\/wp-json\/wp\/v2\/pages\/551\/revisions"}],"predecessor-version":[{"id":804,"href":"https:\/\/ezathouse.sk\/en\/wp-json\/wp\/v2\/pages\/551\/revisions\/804"}],"wp:attachment":[{"href":"https:\/\/ezathouse.sk\/en\/wp-json\/wp\/v2\/media?parent=551"}],"curies":[{"name":"wp","href":"https:\/\/api.w.org\/{rel}","templated":true}]}}